{"id":353,"date":"2022-11-12T07:46:09","date_gmt":"2022-11-12T07:46:09","guid":{"rendered":"https:\/\/asyagulpalet.com\/?page_id=353"},"modified":"2022-11-12T08:35:14","modified_gmt":"2022-11-12T08:35:14","slug":"epal","status":"publish","type":"page","link":"https:\/\/asyagulpalet.com\/ar\/epal\/","title":{"rendered":"EPAL"},"content":{"rendered":"<div data-elementor-type=\"wp-page\" data-elementor-id=\"353\" class=\"elementor elementor-353\" data-elementor-post-type=\"page\">\n\t\t\t\t\t\t<section class=\"elementor-section elementor-top-section elementor-element elementor-element-1597feda elementor-section-height-min-height elementor-section-boxed elementor-section-height-default elementor-section-items-middle\" data-id=\"1597feda\" data-element_type=\"section\" data-e-type=\"section\" data-settings=\"{&quot;background_background&quot;:&quot;classic&quot;}\">\n\t\t\t\t\t\t\t<div class=\"elementor-background-overlay\"><\/div>\n\t\t\t\t\t\t\t<div class=\"elementor-container elementor-column-gap-default\">\n\t\t\t\t\t<div class=\"elementor-column elementor-col-100 elementor-top-column elementor-element elementor-element-23b5230d\" data-id=\"23b5230d\" data-element_type=\"column\" data-e-type=\"column\">\n\t\t\t<div class=\"elementor-widget-wrap elementor-element-populated\">\n\t\t\t\t\t\t<div class=\"elementor-element elementor-element-7b51fa52 elementor-invisible elementor-widget elementor-widget-heading\" data-id=\"7b51fa52\" data-element_type=\"widget\" data-e-type=\"widget\" data-settings=\"{&quot;_animation&quot;:&quot;fadeInUp&quot;}\" data-widget_type=\"heading.default\">\n\t\t\t\t<div class=\"elementor-widget-container\">\n\t\t\t\t\t<h1 class=\"elementor-heading-title elementor-size-default\">\u0623\u0646\u0648\u0627\u0639 \u0627\u0644\u0645\u0646\u0635\u0627\u062a \u0627\u0644\u0646\u0642\u0627\u0644\u0629 \u0625\u064a\u0628\u0627\u0644<\/h1>\t\t\t\t<\/div>\n\t\t\t\t<\/div>\n\t\t\t\t\t<\/div>\n\t\t<\/div>\n\t\t\t\t\t<\/div>\n\t\t<\/section>\n\t\t\t\t<section class=\"elementor-section elementor-top-section elementor-element elementor-element-6b44767 elementor-section-boxed elementor-section-height-default elementor-section-height-default\" data-id=\"6b44767\" data-element_type=\"section\" data-e-type=\"section\">\n\t\t\t\t\t\t<div class=\"elementor-container elementor-column-gap-default\">\n\t\t\t\t\t<div class=\"elementor-column elementor-col-50 elementor-top-column elementor-element elementor-element-3629bf9\" data-id=\"3629bf9\" data-element_type=\"column\" data-e-type=\"column\">\n\t\t\t<div class=\"elementor-widget-wrap elementor-element-populated\">\n\t\t\t\t\t\t<div class=\"elementor-element elementor-element-c3673cc elementor-widget elementor-widget-heading\" data-id=\"c3673cc\" data-element_type=\"widget\" data-e-type=\"widget\" data-widget_type=\"heading.default\">\n\t\t\t\t<div class=\"elementor-widget-container\">\n\t\t\t\t\t<h2 class=\"elementor-heading-title elementor-size-default\">EPAL 80x120<\/h2>\t\t\t\t<\/div>\n\t\t\t\t<\/div>\n\t\t\t\t<div class=\"elementor-element elementor-element-9d04fbf elementor-widget elementor-widget-spacer\" data-id=\"9d04fbf\" data-element_type=\"widget\" data-e-type=\"widget\" data-widget_type=\"spacer.default\">\n\t\t\t\t<div class=\"elementor-widget-container\">\n\t\t\t\t\t\t\t<div class=\"elementor-spacer\">\n\t\t\t<div class=\"elementor-spacer-inner\"><\/div>\n\t\t<\/div>\n\t\t\t\t\t\t<\/div>\n\t\t\t\t<\/div>\n\t\t\t\t<div class=\"elementor-element elementor-element-a2b4f35 elementor-widget elementor-widget-image\" data-id=\"a2b4f35\" data-element_type=\"widget\" data-e-type=\"widget\" data-widget_type=\"image.default\">\n\t\t\t\t<div class=\"elementor-widget-container\">\n\t\t\t\t\t\t\t\t\t\t\t\t\t\t\t<img fetchpriority=\"high\" decoding=\"async\" width=\"800\" height=\"600\" src=\"https:\/\/asyagulpalet.com\/wp-content\/uploads\/2022\/11\/a.jpg\" class=\"attachment-large size-large wp-image-308\" alt=\"\" srcset=\"https:\/\/asyagulpalet.com\/wp-content\/uploads\/2022\/11\/a.jpg 800w, https:\/\/asyagulpalet.com\/wp-content\/uploads\/2022\/11\/a-300x225.jpg 300w, https:\/\/asyagulpalet.com\/wp-content\/uploads\/2022\/11\/a-768x576.jpg 768w\" sizes=\"(max-width: 800px) 100vw, 800px\" \/>\t\t\t\t\t\t\t\t\t\t\t\t\t\t\t<\/div>\n\t\t\t\t<\/div>\n\t\t\t\t<div class=\"elementor-element elementor-element-87c52b6 elementor-widget elementor-widget-spacer\" data-id=\"87c52b6\" data-element_type=\"widget\" data-e-type=\"widget\" data-widget_type=\"spacer.default\">\n\t\t\t\t<div class=\"elementor-widget-container\">\n\t\t\t\t\t\t\t<div class=\"elementor-spacer\">\n\t\t\t<div class=\"elementor-spacer-inner\"><\/div>\n\t\t<\/div>\n\t\t\t\t\t\t<\/div>\n\t\t\t\t<\/div>\n\t\t\t\t<div class=\"elementor-element elementor-element-f802eb9 elementor-widget elementor-widget-text-editor\" data-id=\"f802eb9\" data-element_type=\"widget\" data-e-type=\"widget\" data-widget_type=\"text-editor.default\">\n\t\t\t\t<div class=\"elementor-widget-container\">\n\t\t\t\t\t\t\t\t\t<div class=\"spec\"><b>\u00d6ZELL\u0130KLER<\/b><\/div><ul><li><b>Uzunluk:<\/b>\u00a0800mm<\/li><li><b>Geni\u015flik:<\/b>\u00a01.200mm<\/li><li><b>Y\u00fckseklik:<\/b>\u00a0144mm<\/li><li><b>Y\u00fck Kapasitesi:<\/b>\u00a01.500kg<\/li><li><b>Maks. Y\u00fck:<\/b>\u00a04.000kg<\/li><li>Ta\u015f\u0131ma + Depolama&#8217;da kullan\u0131l\u0131r.<\/li><\/ul>\t\t\t\t\t\t\t\t<\/div>\n\t\t\t\t<\/div>\n\t\t\t\t<div class=\"elementor-element elementor-element-cf739b1 elementor-align-left elementor-widget elementor-widget-button\" data-id=\"cf739b1\" data-element_type=\"widget\" data-e-type=\"widget\" data-widget_type=\"button.default\">\n\t\t\t\t<div class=\"elementor-widget-container\">\n\t\t\t\t\t\t\t\t\t<div class=\"elementor-button-wrapper\">\n\t\t\t\t\t<a class=\"elementor-button elementor-button-link elementor-size-sm\" href=\"https:\/\/asyagulpalet.com\/ar\/epal-80x120\/\">\n\t\t\t\t\t\t<span class=\"elementor-button-content-wrapper\">\n\t\t\t\t\t\t\t\t\t<span class=\"elementor-button-text\">\u00dcR\u00dcN DETAYLARI<\/span>\n\t\t\t\t\t<\/span>\n\t\t\t\t\t<\/a>\n\t\t\t\t<\/div>\n\t\t\t\t\t\t\t\t<\/div>\n\t\t\t\t<\/div>\n\t\t\t\t\t<\/div>\n\t\t<\/div>\n\t\t\t\t<div class=\"elementor-column elementor-col-50 elementor-top-column elementor-element elementor-element-cd2a54b\" data-id=\"cd2a54b\" data-element_type=\"column\" data-e-type=\"column\">\n\t\t\t<div class=\"elementor-widget-wrap elementor-element-populated\">\n\t\t\t\t\t\t<div class=\"elementor-element elementor-element-4499f02 elementor-widget elementor-widget-heading\" data-id=\"4499f02\" data-element_type=\"widget\" data-e-type=\"widget\" data-widget_type=\"heading.default\">\n\t\t\t\t<div class=\"elementor-widget-container\">\n\t\t\t\t\t<h2 class=\"elementor-heading-title elementor-size-default\">EPAL 100x120<\/h2>\t\t\t\t<\/div>\n\t\t\t\t<\/div>\n\t\t\t\t<div class=\"elementor-element elementor-element-c74edb1 elementor-widget elementor-widget-spacer\" data-id=\"c74edb1\" data-element_type=\"widget\" data-e-type=\"widget\" data-widget_type=\"spacer.default\">\n\t\t\t\t<div class=\"elementor-widget-container\">\n\t\t\t\t\t\t\t<div class=\"elementor-spacer\">\n\t\t\t<div class=\"elementor-spacer-inner\"><\/div>\n\t\t<\/div>\n\t\t\t\t\t\t<\/div>\n\t\t\t\t<\/div>\n\t\t\t\t<div class=\"elementor-element elementor-element-bc54827 elementor-widget elementor-widget-image\" data-id=\"bc54827\" data-element_type=\"widget\" data-e-type=\"widget\" data-widget_type=\"image.default\">\n\t\t\t\t<div class=\"elementor-widget-container\">\n\t\t\t\t\t\t\t\t\t\t\t\t\t\t\t<img decoding=\"async\" width=\"800\" height=\"600\" src=\"https:\/\/asyagulpalet.com\/wp-content\/uploads\/2022\/11\/epal-palet-3-profil.jpg\" class=\"attachment-large size-large wp-image-386\" alt=\"\" srcset=\"https:\/\/asyagulpalet.com\/wp-content\/uploads\/2022\/11\/epal-palet-3-profil.jpg 800w, https:\/\/asyagulpalet.com\/wp-content\/uploads\/2022\/11\/epal-palet-3-profil-300x225.jpg 300w, https:\/\/asyagulpalet.com\/wp-content\/uploads\/2022\/11\/epal-palet-3-profil-768x576.jpg 768w\" sizes=\"(max-width: 800px) 100vw, 800px\" \/>\t\t\t\t\t\t\t\t\t\t\t\t\t\t\t<\/div>\n\t\t\t\t<\/div>\n\t\t\t\t<div class=\"elementor-element elementor-element-977aa5d elementor-widget elementor-widget-spacer\" data-id=\"977aa5d\" data-element_type=\"widget\" data-e-type=\"widget\" data-widget_type=\"spacer.default\">\n\t\t\t\t<div class=\"elementor-widget-container\">\n\t\t\t\t\t\t\t<div class=\"elementor-spacer\">\n\t\t\t<div class=\"elementor-spacer-inner\"><\/div>\n\t\t<\/div>\n\t\t\t\t\t\t<\/div>\n\t\t\t\t<\/div>\n\t\t\t\t<div class=\"elementor-element elementor-element-1d1eca6 elementor-widget elementor-widget-text-editor\" data-id=\"1d1eca6\" data-element_type=\"widget\" data-e-type=\"widget\" data-widget_type=\"text-editor.default\">\n\t\t\t\t<div class=\"elementor-widget-container\">\n\t\t\t\t\t\t\t\t\t<div class=\"spec\"><div class=\"spec\"><b>\u00d6ZELL\u0130KLER<\/b><\/div><ul><li><b>Uzunluk:<\/b>\u00a01.000mm<\/li><li><b>Geni\u015flik:<\/b>\u00a01.200mm<\/li><li><b>Y\u00fckseklik:<\/b>\u00a0144mm<\/li><li><b>Y\u00fck Kapasitesi:<\/b>\u00a01.500kg<\/li><li><b>Maks. Y\u00fck:<\/b>\u00a04.500kg<\/li><li>Ta\u015f\u0131ma + Depolama&#8217;da kullan\u0131l\u0131r.<\/li><\/ul><\/div>\t\t\t\t\t\t\t\t<\/div>\n\t\t\t\t<\/div>\n\t\t\t\t<div class=\"elementor-element elementor-element-e4d62ad elementor-align-left elementor-widget elementor-widget-button\" data-id=\"e4d62ad\" data-element_type=\"widget\" data-e-type=\"widget\" data-widget_type=\"button.default\">\n\t\t\t\t<div class=\"elementor-widget-container\">\n\t\t\t\t\t\t\t\t\t<div class=\"elementor-button-wrapper\">\n\t\t\t\t\t<a class=\"elementor-button elementor-button-link elementor-size-sm\" href=\"https:\/\/asyagulpalet.com\/ar\/epal-100x120\/\">\n\t\t\t\t\t\t<span class=\"elementor-button-content-wrapper\">\n\t\t\t\t\t\t\t\t\t<span class=\"elementor-button-text\">\u00dcR\u00dcN DETAYLARI<\/span>\n\t\t\t\t\t<\/span>\n\t\t\t\t\t<\/a>\n\t\t\t\t<\/div>\n\t\t\t\t\t\t\t\t<\/div>\n\t\t\t\t<\/div>\n\t\t\t\t\t<\/div>\n\t\t<\/div>\n\t\t\t\t\t<\/div>\n\t\t<\/section>\n\t\t\t\t<\/div>","protected":false},"excerpt":{"rendered":"<p>EPAL PALET \u00c7E\u015e\u0130TLER\u0130 EPAL 80&#215;120 \u00d6ZELL\u0130KLER Uzunluk:\u00a0800mm Geni\u015flik:\u00a01.200mm Y\u00fckseklik:\u00a0144mm Y\u00fck Kapasitesi:\u00a01.500kg Maks. Y\u00fck:\u00a04.000kg Ta\u015f\u0131ma + Depolama&#8217;da kullan\u0131l\u0131r. \u00dcR\u00dcN DETAYLARI EPAL 100&#215;120 \u00d6ZELL\u0130KLER Uzunluk:\u00a01.000mm Geni\u015flik:\u00a01.200mm Y\u00fckseklik:\u00a0144mm Y\u00fck Kapasitesi:\u00a01.500kg Maks. Y\u00fck:\u00a04.500kg Ta\u015f\u0131ma + Depolama&#8217;da kullan\u0131l\u0131r. \u00dcR\u00dcN DETAYLARI<\/p>","protected":false},"author":1,"featured_media":0,"parent":0,"menu_order":0,"comment_status":"closed","ping_status":"closed","template":"elementor_header_footer","meta":{"footnotes":""},"class_list":["post-353","page","type-page","status-publish","hentry"],"_links":{"self":[{"href":"https:\/\/asyagulpalet.com\/ar\/wp-json\/wp\/v2\/pages\/353","targetHints":{"allow":["GET"]}}],"collection":[{"href":"https:\/\/asyagulpalet.com\/ar\/wp-json\/wp\/v2\/pages"}],"about":[{"href":"https:\/\/asyagulpalet.com\/ar\/wp-json\/wp\/v2\/types\/page"}],"author":[{"embeddable":true,"href":"https:\/\/asyagulpalet.com\/ar\/wp-json\/wp\/v2\/users\/1"}],"replies":[{"embeddable":true,"href":"https:\/\/asyagulpalet.com\/ar\/wp-json\/wp\/v2\/comments?post=353"}],"version-history":[{"count":88,"href":"https:\/\/asyagulpalet.com\/ar\/wp-json\/wp\/v2\/pages\/353\/revisions"}],"predecessor-version":[{"id":579,"href":"https:\/\/asyagulpalet.com\/ar\/wp-json\/wp\/v2\/pages\/353\/revisions\/579"}],"wp:attachment":[{"href":"https:\/\/asyagulpalet.com\/ar\/wp-json\/wp\/v2\/media?parent=353"}],"curies":[{"name":"wp","href":"https:\/\/api.w.org\/{rel}","templated":true}]}}