{"id":444,"date":"2022-11-12T08:05:15","date_gmt":"2022-11-12T08:05:15","guid":{"rendered":"https:\/\/asyagulpalet.com\/?page_id=444"},"modified":"2022-11-12T08:38:11","modified_gmt":"2022-11-12T08:38:11","slug":"turpal-palet","status":"publish","type":"page","link":"https:\/\/asyagulpalet.com\/ar\/turpal-palet\/","title":{"rendered":"\u0645\u0646\u0635\u0629 \u0646\u0642\u0627\u0644\u0629"},"content":{"rendered":"<div data-elementor-type=\"wp-page\" data-elementor-id=\"444\" class=\"elementor elementor-444\" data-elementor-post-type=\"page\">\n\t\t\t\t\t\t<section class=\"elementor-section elementor-top-section elementor-element elementor-element-7433a0e elementor-section-height-min-height elementor-section-boxed elementor-section-height-default elementor-section-items-middle\" data-id=\"7433a0e\" data-element_type=\"section\" data-e-type=\"section\" data-settings=\"{&quot;background_background&quot;:&quot;classic&quot;}\">\n\t\t\t\t\t\t\t<div class=\"elementor-background-overlay\"><\/div>\n\t\t\t\t\t\t\t<div class=\"elementor-container elementor-column-gap-default\">\n\t\t\t\t\t<div class=\"elementor-column elementor-col-100 elementor-top-column elementor-element elementor-element-58c52320\" data-id=\"58c52320\" data-element_type=\"column\" data-e-type=\"column\">\n\t\t\t<div class=\"elementor-widget-wrap elementor-element-populated\">\n\t\t\t\t\t\t<div class=\"elementor-element elementor-element-4a437ce elementor-invisible elementor-widget elementor-widget-heading\" data-id=\"4a437ce\" data-element_type=\"widget\" data-e-type=\"widget\" data-settings=\"{&quot;_animation&quot;:&quot;fadeInUp&quot;}\" data-widget_type=\"heading.default\">\n\t\t\t\t<div class=\"elementor-widget-container\">\n\t\t\t\t\t<h1 class=\"elementor-heading-title elementor-size-default\">TURPAL PALET \u00c7E\u015e\u0130TLER\u0130\n<\/h1>\t\t\t\t<\/div>\n\t\t\t\t<\/div>\n\t\t\t\t\t<\/div>\n\t\t<\/div>\n\t\t\t\t\t<\/div>\n\t\t<\/section>\n\t\t\t\t<section class=\"elementor-section elementor-top-section elementor-element elementor-element-3966c4b elementor-section-boxed elementor-section-height-default elementor-section-height-default\" data-id=\"3966c4b\" data-element_type=\"section\" data-e-type=\"section\">\n\t\t\t\t\t\t<div class=\"elementor-container elementor-column-gap-default\">\n\t\t\t\t\t<div class=\"elementor-column elementor-col-50 elementor-top-column elementor-element elementor-element-48deb922\" data-id=\"48deb922\" data-element_type=\"column\" data-e-type=\"column\">\n\t\t\t<div class=\"elementor-widget-wrap elementor-element-populated\">\n\t\t\t\t\t\t<div class=\"elementor-element elementor-element-6b6b328a elementor-widget elementor-widget-heading\" data-id=\"6b6b328a\" data-element_type=\"widget\" data-e-type=\"widget\" data-widget_type=\"heading.default\">\n\t\t\t\t<div class=\"elementor-widget-container\">\n\t\t\t\t\t<h2 class=\"elementor-heading-title elementor-size-default\">TURPAL 80 x 120\n<\/h2>\t\t\t\t<\/div>\n\t\t\t\t<\/div>\n\t\t\t\t<div class=\"elementor-element elementor-element-2808a9f3 elementor-widget elementor-widget-spacer\" data-id=\"2808a9f3\" data-element_type=\"widget\" data-e-type=\"widget\" data-widget_type=\"spacer.default\">\n\t\t\t\t<div class=\"elementor-widget-container\">\n\t\t\t\t\t\t\t<div class=\"elementor-spacer\">\n\t\t\t<div class=\"elementor-spacer-inner\"><\/div>\n\t\t<\/div>\n\t\t\t\t\t\t<\/div>\n\t\t\t\t<\/div>\n\t\t\t\t<div class=\"elementor-element elementor-element-2d805ac2 elementor-widget elementor-widget-image\" data-id=\"2d805ac2\" data-element_type=\"widget\" data-e-type=\"widget\" data-widget_type=\"image.default\">\n\t\t\t\t<div class=\"elementor-widget-container\">\n\t\t\t\t\t\t\t\t\t\t\t\t\t\t\t<img fetchpriority=\"high\" decoding=\"async\" width=\"800\" height=\"600\" src=\"https:\/\/asyagulpalet.com\/wp-content\/uploads\/2022\/11\/80x120-Turpal-Palet-kapak_1.png\" class=\"attachment-large size-large wp-image-584\" alt=\"\" srcset=\"https:\/\/asyagulpalet.com\/wp-content\/uploads\/2022\/11\/80x120-Turpal-Palet-kapak_1.png 800w, https:\/\/asyagulpalet.com\/wp-content\/uploads\/2022\/11\/80x120-Turpal-Palet-kapak_1-300x225.png 300w, https:\/\/asyagulpalet.com\/wp-content\/uploads\/2022\/11\/80x120-Turpal-Palet-kapak_1-768x576.png 768w\" sizes=\"(max-width: 800px) 100vw, 800px\" \/>\t\t\t\t\t\t\t\t\t\t\t\t\t\t\t<\/div>\n\t\t\t\t<\/div>\n\t\t\t\t<div class=\"elementor-element elementor-element-157a94e3 elementor-widget elementor-widget-spacer\" data-id=\"157a94e3\" data-element_type=\"widget\" data-e-type=\"widget\" data-widget_type=\"spacer.default\">\n\t\t\t\t<div class=\"elementor-widget-container\">\n\t\t\t\t\t\t\t<div class=\"elementor-spacer\">\n\t\t\t<div class=\"elementor-spacer-inner\"><\/div>\n\t\t<\/div>\n\t\t\t\t\t\t<\/div>\n\t\t\t\t<\/div>\n\t\t\t\t<div class=\"elementor-element elementor-element-431e355c elementor-widget elementor-widget-text-editor\" data-id=\"431e355c\" data-element_type=\"widget\" data-e-type=\"widget\" data-widget_type=\"text-editor.default\">\n\t\t\t\t<div class=\"elementor-widget-container\">\n\t\t\t\t\t\t\t\t\t<div class=\"spec\"><b>\u00d6ZELL\u0130KLER<br \/><br \/><\/b><\/div><ul><li>Turpal palet hammaddesi olarak kullan\u0131lan a\u011fa\u00e7lar sayesinde sa\u011flam ve kullan\u0131\u015fl\u0131d\u0131r.<\/li><li>\u00d6m\u00fcrleri t\u00fckenmi\u015f olsa bile turpal paletler geri d\u00f6n\u00fc\u015f\u00fcm yoluyla \u00e7evreye kazand\u0131r\u0131l\u0131r.<\/li><li>Uluslararas\u0131 belirlenen \u00f6l\u00e7\u00fc ve kriterlere sahipler<\/li><li>B\u00fcy\u00fck hacimli malzemelerin nakliyesinde turpal palet kullan\u0131m\u0131 elveri\u015flidir.<\/li><li>Kullan\u0131\u015fl\u0131 olma \u00f6zelli\u011fi sayesinde turpal paletler uzun \u00f6m\u00fcrl\u00fcd\u00fcr.<\/li><li>Kurutulmu\u015f tahtadan yap\u0131lan turpal paletler b\u00f6ceklerden de zarar gelme oran\u0131n\u0131 d\u00fc\u015f\u00fcr\u00fcr.<\/li><li>Kullan\u0131m s\u00fcreleri dolan turpal paletler ikinci el olarak kullan\u0131lma \u00f6zelli\u011fine de sahiptir.<\/li><li>Nakliye ve depolamada en \u00e7ok kullan\u0131lan turpal palet ayn\u0131 zamanda en kullan\u0131\u015fl\u0131 palet \u00e7e\u015fitleri aras\u0131ndad\u0131r.<\/li><li>Bir tondan fazla y\u00fck ta\u015f\u0131ma kapasiteleri bulunur.<\/li><li><strong>Turpal palette<\/strong>\u00a0di\u011fer palet \u00e7e\u015fitleri gibi belli standart \u00f6l\u00e7\u00fclerden olu\u015fur<\/li><\/ul>\t\t\t\t\t\t\t\t<\/div>\n\t\t\t\t<\/div>\n\t\t\t\t<div class=\"elementor-element elementor-element-227eb982 elementor-align-left elementor-widget elementor-widget-button\" data-id=\"227eb982\" data-element_type=\"widget\" data-e-type=\"widget\" data-widget_type=\"button.default\">\n\t\t\t\t<div class=\"elementor-widget-container\">\n\t\t\t\t\t\t\t\t\t<div class=\"elementor-button-wrapper\">\n\t\t\t\t\t<a class=\"elementor-button elementor-button-link elementor-size-sm\" href=\"https:\/\/asyagulpalet.com\/ar\/turpal-80x120\/\">\n\t\t\t\t\t\t<span class=\"elementor-button-content-wrapper\">\n\t\t\t\t\t\t\t\t\t<span class=\"elementor-button-text\">\u00dcR\u00dcN DETAYLARI<\/span>\n\t\t\t\t\t<\/span>\n\t\t\t\t\t<\/a>\n\t\t\t\t<\/div>\n\t\t\t\t\t\t\t\t<\/div>\n\t\t\t\t<\/div>\n\t\t\t\t\t<\/div>\n\t\t<\/div>\n\t\t\t\t<div class=\"elementor-column elementor-col-50 elementor-top-column elementor-element elementor-element-1a6f2b83\" data-id=\"1a6f2b83\" data-element_type=\"column\" data-e-type=\"column\">\n\t\t\t<div class=\"elementor-widget-wrap elementor-element-populated\">\n\t\t\t\t\t\t<div class=\"elementor-element elementor-element-52337478 elementor-widget elementor-widget-heading\" data-id=\"52337478\" data-element_type=\"widget\" data-e-type=\"widget\" data-widget_type=\"heading.default\">\n\t\t\t\t<div class=\"elementor-widget-container\">\n\t\t\t\t\t<h2 class=\"elementor-heading-title elementor-size-default\">TURPAL 60 x 80<\/h2>\t\t\t\t<\/div>\n\t\t\t\t<\/div>\n\t\t\t\t<div class=\"elementor-element elementor-element-4e29bf97 elementor-widget elementor-widget-spacer\" data-id=\"4e29bf97\" data-element_type=\"widget\" data-e-type=\"widget\" data-widget_type=\"spacer.default\">\n\t\t\t\t<div class=\"elementor-widget-container\">\n\t\t\t\t\t\t\t<div class=\"elementor-spacer\">\n\t\t\t<div class=\"elementor-spacer-inner\"><\/div>\n\t\t<\/div>\n\t\t\t\t\t\t<\/div>\n\t\t\t\t<\/div>\n\t\t\t\t<div class=\"elementor-element elementor-element-64491ed2 elementor-widget elementor-widget-image\" data-id=\"64491ed2\" data-element_type=\"widget\" data-e-type=\"widget\" data-widget_type=\"image.default\">\n\t\t\t\t<div class=\"elementor-widget-container\">\n\t\t\t\t\t\t\t\t\t\t\t\t\t\t\t<img fetchpriority=\"high\" decoding=\"async\" width=\"800\" height=\"600\" src=\"https:\/\/asyagulpalet.com\/wp-content\/uploads\/2022\/11\/80x120-Turpal-Palet-kapak_1.png\" class=\"attachment-large size-large wp-image-584\" alt=\"\" srcset=\"https:\/\/asyagulpalet.com\/wp-content\/uploads\/2022\/11\/80x120-Turpal-Palet-kapak_1.png 800w, https:\/\/asyagulpalet.com\/wp-content\/uploads\/2022\/11\/80x120-Turpal-Palet-kapak_1-300x225.png 300w, https:\/\/asyagulpalet.com\/wp-content\/uploads\/2022\/11\/80x120-Turpal-Palet-kapak_1-768x576.png 768w\" sizes=\"(max-width: 800px) 100vw, 800px\" \/>\t\t\t\t\t\t\t\t\t\t\t\t\t\t\t<\/div>\n\t\t\t\t<\/div>\n\t\t\t\t<div class=\"elementor-element elementor-element-40c1d178 elementor-widget elementor-widget-spacer\" data-id=\"40c1d178\" data-element_type=\"widget\" data-e-type=\"widget\" data-widget_type=\"spacer.default\">\n\t\t\t\t<div class=\"elementor-widget-container\">\n\t\t\t\t\t\t\t<div class=\"elementor-spacer\">\n\t\t\t<div class=\"elementor-spacer-inner\"><\/div>\n\t\t<\/div>\n\t\t\t\t\t\t<\/div>\n\t\t\t\t<\/div>\n\t\t\t\t<div class=\"elementor-element elementor-element-6823aa4b elementor-widget elementor-widget-text-editor\" data-id=\"6823aa4b\" data-element_type=\"widget\" data-e-type=\"widget\" data-widget_type=\"text-editor.default\">\n\t\t\t\t<div class=\"elementor-widget-container\">\n\t\t\t\t\t\t\t\t\t<div class=\"spec\"><div class=\"spec\"><div class=\"spec\"><b>\u00d6ZELL\u0130KLER<br \/><br \/><\/b><\/div><ul><li>Turpal palet hammaddesi olarak kullan\u0131lan a\u011fa\u00e7lar sayesinde sa\u011flam ve kullan\u0131\u015fl\u0131d\u0131r.<\/li><li>\u00d6m\u00fcrleri t\u00fckenmi\u015f olsa bile turpal paletler geri d\u00f6n\u00fc\u015f\u00fcm yoluyla \u00e7evreye kazand\u0131r\u0131l\u0131r.<\/li><li>Uluslararas\u0131 belirlenen \u00f6l\u00e7\u00fc ve kriterlere sahipler<\/li><li>B\u00fcy\u00fck hacimli malzemelerin nakliyesinde turpal palet kullan\u0131m\u0131 elveri\u015flidir.<\/li><li>Kullan\u0131\u015fl\u0131 olma \u00f6zelli\u011fi sayesinde turpal paletler uzun \u00f6m\u00fcrl\u00fcd\u00fcr.<\/li><li>Kurutulmu\u015f tahtadan yap\u0131lan turpal paletler b\u00f6ceklerden de zarar gelme oran\u0131n\u0131 d\u00fc\u015f\u00fcr\u00fcr.<\/li><li>Kullan\u0131m s\u00fcreleri dolan turpal paletler ikinci el olarak kullan\u0131lma \u00f6zelli\u011fine de sahiptir.<\/li><li>Nakliye ve depolamada en \u00e7ok kullan\u0131lan turpal palet ayn\u0131 zamanda en kullan\u0131\u015fl\u0131 palet \u00e7e\u015fitleri aras\u0131ndad\u0131r.<\/li><li>Bir tondan fazla y\u00fck ta\u015f\u0131ma kapasiteleri bulunur.<\/li><li><strong>Turpal palette<\/strong>\u00a0di\u011fer palet \u00e7e\u015fitleri gibi belli standart \u00f6l\u00e7\u00fclerden olu\u015fur<\/li><\/ul><\/div><\/div>\t\t\t\t\t\t\t\t<\/div>\n\t\t\t\t<\/div>\n\t\t\t\t<div class=\"elementor-element elementor-element-1884f554 elementor-align-left elementor-widget elementor-widget-button\" data-id=\"1884f554\" data-element_type=\"widget\" data-e-type=\"widget\" data-widget_type=\"button.default\">\n\t\t\t\t<div class=\"elementor-widget-container\">\n\t\t\t\t\t\t\t\t\t<div class=\"elementor-button-wrapper\">\n\t\t\t\t\t<a class=\"elementor-button elementor-button-link elementor-size-sm\" href=\"https:\/\/asyagulpalet.com\/ar\/turpal-60x80\/\">\n\t\t\t\t\t\t<span class=\"elementor-button-content-wrapper\">\n\t\t\t\t\t\t\t\t\t<span class=\"elementor-button-text\">\u00dcR\u00dcN DETAYLARI<\/span>\n\t\t\t\t\t<\/span>\n\t\t\t\t\t<\/a>\n\t\t\t\t<\/div>\n\t\t\t\t\t\t\t\t<\/div>\n\t\t\t\t<\/div>\n\t\t\t\t\t<\/div>\n\t\t<\/div>\n\t\t\t\t\t<\/div>\n\t\t<\/section>\n\t\t\t\t<\/div>","protected":false},"excerpt":{"rendered":"<p>TURPAL PALET \u00c7E\u015e\u0130TLER\u0130 TURPAL 80 x 120 \u00d6ZELL\u0130KLER Turpal palet hammaddesi olarak kullan\u0131lan a\u011fa\u00e7lar sayesinde sa\u011flam ve kullan\u0131\u015fl\u0131d\u0131r. \u00d6m\u00fcrleri t\u00fckenmi\u015f olsa bile turpal paletler geri d\u00f6n\u00fc\u015f\u00fcm yoluyla \u00e7evreye kazand\u0131r\u0131l\u0131r. Uluslararas\u0131 belirlenen \u00f6l\u00e7\u00fc ve kriterlere sahipler B\u00fcy\u00fck hacimli malzemelerin nakliyesinde turpal palet kullan\u0131m\u0131 elveri\u015flidir. Kullan\u0131\u015fl\u0131 olma \u00f6zelli\u011fi sayesinde turpal paletler uzun \u00f6m\u00fcrl\u00fcd\u00fcr. Kurutulmu\u015f tahtadan yap\u0131lan turpal [&hellip;]<\/p>\n","protected":false},"author":1,"featured_media":0,"parent":0,"menu_order":0,"comment_status":"closed","ping_status":"closed","template":"elementor_header_footer","meta":{"footnotes":""},"class_list":["post-444","page","type-page","status-publish","hentry"],"_links":{"self":[{"href":"https:\/\/asyagulpalet.com\/ar\/wp-json\/wp\/v2\/pages\/444","targetHints":{"allow":["GET"]}}],"collection":[{"href":"https:\/\/asyagulpalet.com\/ar\/wp-json\/wp\/v2\/pages"}],"about":[{"href":"https:\/\/asyagulpalet.com\/ar\/wp-json\/wp\/v2\/types\/page"}],"author":[{"embeddable":true,"href":"https:\/\/asyagulpalet.com\/ar\/wp-json\/wp\/v2\/users\/1"}],"replies":[{"embeddable":true,"href":"https:\/\/asyagulpalet.com\/ar\/wp-json\/wp\/v2\/comments?post=444"}],"version-history":[{"count":10,"href":"https:\/\/asyagulpalet.com\/ar\/wp-json\/wp\/v2\/pages\/444\/revisions"}],"predecessor-version":[{"id":593,"href":"https:\/\/asyagulpalet.com\/ar\/wp-json\/wp\/v2\/pages\/444\/revisions\/593"}],"wp:attachment":[{"href":"https:\/\/asyagulpalet.com\/ar\/wp-json\/wp\/v2\/media?parent=444"}],"curies":[{"name":"wp","href":"https:\/\/api.w.org\/{rel}","templated":true}]}}