{"id":462,"date":"2022-11-12T08:10:45","date_gmt":"2022-11-12T08:10:45","guid":{"rendered":"https:\/\/asyagulpalet.com\/?page_id=462"},"modified":"2022-11-12T08:14:45","modified_gmt":"2022-11-12T08:14:45","slug":"epal-100x120","status":"publish","type":"page","link":"https:\/\/asyagulpalet.com\/ar\/epal-100x120\/","title":{"rendered":"EPAL 100X120"},"content":{"rendered":"<div data-elementor-type=\"wp-post\" data-elementor-id=\"462\" class=\"elementor elementor-462\" data-elementor-post-type=\"page\">\n\t\t\t\t\t\t<section class=\"elementor-section elementor-top-section elementor-element elementor-element-7fd5eed9 elementor-section-height-min-height elementor-section-boxed elementor-section-height-default elementor-section-items-middle\" data-id=\"7fd5eed9\" data-element_type=\"section\" data-e-type=\"section\" data-settings=\"{&quot;background_background&quot;:&quot;classic&quot;}\">\n\t\t\t\t\t\t\t<div class=\"elementor-background-overlay\"><\/div>\n\t\t\t\t\t\t\t<div class=\"elementor-container elementor-column-gap-default\">\n\t\t\t\t\t<div class=\"elementor-column elementor-col-100 elementor-top-column elementor-element elementor-element-1ec591d4\" data-id=\"1ec591d4\" data-element_type=\"column\" data-e-type=\"column\">\n\t\t\t<div class=\"elementor-widget-wrap elementor-element-populated\">\n\t\t\t\t\t\t<div class=\"elementor-element elementor-element-714d542a elementor-invisible elementor-widget elementor-widget-heading\" data-id=\"714d542a\" data-element_type=\"widget\" data-e-type=\"widget\" data-settings=\"{&quot;_animation&quot;:&quot;fadeInUp&quot;}\" data-widget_type=\"heading.default\">\n\t\t\t\t<div class=\"elementor-widget-container\">\n\t\t\t\t\t<h1 class=\"elementor-heading-title elementor-size-default\">EPAL 100x120<\/h1>\t\t\t\t<\/div>\n\t\t\t\t<\/div>\n\t\t\t\t\t<\/div>\n\t\t<\/div>\n\t\t\t\t\t<\/div>\n\t\t<\/section>\n\t\t\t\t<section class=\"elementor-section elementor-top-section elementor-element elementor-element-51ee45df elementor-section-boxed elementor-section-height-default elementor-section-height-default\" data-id=\"51ee45df\" data-element_type=\"section\" data-e-type=\"section\">\n\t\t\t\t\t\t<div class=\"elementor-container elementor-column-gap-default\">\n\t\t\t\t\t<div class=\"elementor-column elementor-col-66 elementor-top-column elementor-element elementor-element-715192ad\" data-id=\"715192ad\" data-element_type=\"column\" data-e-type=\"column\">\n\t\t\t<div class=\"elementor-widget-wrap elementor-element-populated\">\n\t\t\t\t\t\t<div class=\"elementor-element elementor-element-8e04162 elementor-skin-slideshow elementor-arrows-yes elementor-widget elementor-widget-media-carousel\" data-id=\"8e04162\" data-element_type=\"widget\" data-e-type=\"widget\" data-settings=\"{&quot;skin&quot;:&quot;slideshow&quot;,&quot;effect&quot;:&quot;slide&quot;,&quot;show_arrows&quot;:&quot;yes&quot;,&quot;speed&quot;:500,&quot;autoplay&quot;:&quot;yes&quot;,&quot;autoplay_speed&quot;:5000,&quot;loop&quot;:&quot;yes&quot;,&quot;pause_on_hover&quot;:&quot;yes&quot;,&quot;pause_on_interaction&quot;:&quot;yes&quot;,&quot;space_between&quot;:{&quot;unit&quot;:&quot;px&quot;,&quot;size&quot;:10,&quot;sizes&quot;:[]},&quot;space_between_tablet&quot;:{&quot;unit&quot;:&quot;px&quot;,&quot;size&quot;:10,&quot;sizes&quot;:[]},&quot;space_between_mobile&quot;:{&quot;unit&quot;:&quot;px&quot;,&quot;size&quot;:10,&quot;sizes&quot;:[]}}\" data-widget_type=\"media-carousel.default\">\n\t\t\t\t<div class=\"elementor-widget-container\">\n\t\t\t\t\t\t\t\t\t<div class=\"elementor-swiper\">\n\t\t\t\t\t<div class=\"elementor-main-swiper swiper\" role=\"region\" aria-roledescription=\"carousel\" aria-label=\"Slides\">\n\t\t\t\t<div class=\"swiper-wrapper\">\n\t\t\t\t\t\t\t\t\t\t\t<div class=\"swiper-slide\" role=\"group\" aria-roledescription=\"slide\">\n\t\t\t\t\t\t\t\t\t<div class=\"elementor-carousel-image\" role=\"img\" aria-label=\"epal-palet-3-profil\" style=\"background-image: url(&#039;https:\/\/asyagulpalet.com\/wp-content\/uploads\/2022\/11\/epal-palet-3-profil.jpg&#039;)\">\n\n\t\t\t\n\t\t\t\t\t<\/div>\n\t\t\t\t\t\t\t\t<\/div>\n\t\t\t\t\t\t\t\t\t<\/div>\n\t\t\t\t\t\t\t<\/div>\n\t\t\t\t<\/div>\n\t\t\t\t\t\t\t\t<\/div>\n\t\t\t\t<\/div>\n\t\t\t\t<div class=\"elementor-element elementor-element-1c68fa7b elementor-invisible elementor-widget elementor-widget-heading\" data-id=\"1c68fa7b\" data-element_type=\"widget\" data-e-type=\"widget\" data-settings=\"{&quot;_animation&quot;:&quot;fadeInUp&quot;}\" data-widget_type=\"heading.default\">\n\t\t\t\t<div class=\"elementor-widget-container\">\n\t\t\t\t\t<h2 class=\"elementor-heading-title elementor-size-default\">EPAL 100x120<\/h2>\t\t\t\t<\/div>\n\t\t\t\t<\/div>\n\t\t\t\t<div class=\"elementor-element elementor-element-5204176c elementor-invisible elementor-widget elementor-widget-text-editor\" data-id=\"5204176c\" data-element_type=\"widget\" data-e-type=\"widget\" data-settings=\"{&quot;_animation&quot;:&quot;fadeInUp&quot;}\" data-widget_type=\"text-editor.default\">\n\t\t\t\t<div class=\"elementor-widget-container\">\n\t\t\t\t\t\t\t\t\t<p>EPAL 3, EPAL \u00fcr\u00fcn yelpazesindeki yeni Asya standard\u0131d\u0131r. Ulusal ve uluslararas\u0131 \u00fcr\u00fcn ta\u015f\u0131mac\u0131l\u0131\u011f\u0131n\u0131n sorunsuz bir \u015fekilde yap\u0131lmas\u0131n\u0131 sa\u011flar.<\/p><ul><li>EPAL paletleri d\u00fcnya \u00e7ap\u0131nda ve s\u0131n\u0131rlar \u00f6tesinde g\u00fcvenlidir.<\/li><li>EPAL paletleri, \u00fcr\u00fcnlerinizi sorunsuz ta\u015f\u0131nmas\u0131n\u0131 garanti eder.<\/li><li>EPAL paletleri, \u00fcr\u00fcnlerinizin istikrarl\u0131 bir \u015fekilde depolanmas\u0131n\u0131 sa\u011flar.<\/li><li>EPAL paletler y\u00fcksek kaliteleri sayesinde maksimum i\u015f g\u00fcvenli\u011fi sa\u011flar.<\/li><\/ul><hr \/><div><p><strong><br \/>\u00d6ZELL\u0130KLER<\/strong><\/p><p>Tahta plaka adedi: 13<\/p><p>\u00c7ivi adedi: 84<\/p><p>Takoz adedi: 9<\/p><p>Uzunluk: 1,000 mm<\/p><p>Geni\u015flik: 1,200 mm<\/p><p>Y\u00fckseklik: 144 mm<\/p><p>A\u011f\u0131rl\u0131k yakla\u015f\u0131k: 30 kg<\/p><p>Ta\u015f\u0131ma kapasitesi: 1,500 kg<\/p><p>Y\u00fck: Sa\u011flam ve d\u00fcz bir zemin \u00fczerine istiflendi\u011finde maks. 4,500 kg<\/p><p>EPAL Teknik \u015eartnameye g\u00f6re \u00fcretilmi\u015ftir.<\/p><p>\u00a0<\/p><\/div>\t\t\t\t\t\t\t\t<\/div>\n\t\t\t\t<\/div>\n\t\t\t\t\t<\/div>\n\t\t<\/div>\n\t\t\t\t<div class=\"elementor-column elementor-col-33 elementor-top-column elementor-element elementor-element-1f5c260c\" data-id=\"1f5c260c\" data-element_type=\"column\" data-e-type=\"column\">\n\t\t\t<div class=\"elementor-widget-wrap elementor-element-populated\">\n\t\t\t\t\t\t<div class=\"elementor-element elementor-element-49f32d0b ekit-equal-height-disable elementor-invisible elementor-widget elementor-widget-elementskit-icon-box\" data-id=\"49f32d0b\" data-element_type=\"widget\" data-e-type=\"widget\" data-settings=\"{&quot;_animation&quot;:&quot;fadeInUp&quot;}\" data-widget_type=\"elementskit-icon-box.default\">\n\t\t\t\t<div class=\"elementor-widget-container\">\n\t\t\t\t\t<div class=\"ekit-wid-con\" >        <!-- link opening -->\n                <a href=\"https:\/\/asyagulpalet.com\/ar\/epal\/\" class=\"ekit_global_links\">\n                <!-- end link opening -->\n\n        <div class=\"elementskit-infobox text-left text- icon-lef-right-aligin elementor-animation-  gradient-active  hover_from_right\">\n                        <div class=\"box-body\">\n                            <h3 class=\"elementskit-info-box-title\">\n                    EPAL PALET                 <\/h3>\n                                            <\/div>\n        \n        \n                <\/div>\n                <\/a>\n        <\/div>\t\t\t\t<\/div>\n\t\t\t\t<\/div>\n\t\t\t\t<div class=\"elementor-element elementor-element-9d62b19 ekit-equal-height-disable elementor-invisible elementor-widget elementor-widget-elementskit-icon-box\" data-id=\"9d62b19\" data-element_type=\"widget\" data-e-type=\"widget\" data-settings=\"{&quot;_animation&quot;:&quot;fadeInUp&quot;}\" data-widget_type=\"elementskit-icon-box.default\">\n\t\t\t\t<div class=\"elementor-widget-container\">\n\t\t\t\t\t<div class=\"ekit-wid-con\" >        <!-- link opening -->\n                <a href=\"https:\/\/asyagulpalet.com\/ar\/epal\/\" class=\"ekit_global_links\">\n                <!-- end link opening -->\n\n        <div class=\"elementskit-infobox text-left text- icon-lef-right-aligin elementor-animation-  gradient-active  hover_from_right\">\n                        <div class=\"box-body\">\n                            <h3 class=\"elementskit-info-box-title\">\n                    \u0645\u0646\u0635\u0629 \u0646\u0642\u0627\u0644\u0629                 <\/h3>\n                                            <\/div>\n        \n        \n                <\/div>\n                <\/a>\n        <\/div>\t\t\t\t<\/div>\n\t\t\t\t<\/div>\n\t\t\t\t<div class=\"elementor-element elementor-element-45e8589 ekit-equal-height-disable elementor-invisible elementor-widget elementor-widget-elementskit-icon-box\" data-id=\"45e8589\" data-element_type=\"widget\" data-e-type=\"widget\" data-settings=\"{&quot;_animation&quot;:&quot;fadeInUp&quot;}\" data-widget_type=\"elementskit-icon-box.default\">\n\t\t\t\t<div class=\"elementor-widget-container\">\n\t\t\t\t\t<div class=\"ekit-wid-con\" >        <!-- link opening -->\n                <a href=\"#\" class=\"ekit_global_links\">\n                <!-- end link opening -->\n\n        <div class=\"elementskit-infobox text-left text- icon-lef-right-aligin elementor-animation-  gradient-active  hover_from_right\">\n                        <div class=\"box-body\">\n                            <h3 class=\"elementskit-info-box-title\">\n                    \u0623\u0644\u0648\u0627\u062d \u062e\u0634\u0628\u064a\u0629                <\/h3>\n                                            <\/div>\n        \n        \n                <\/div>\n                <\/a>\n        <\/div>\t\t\t\t<\/div>\n\t\t\t\t<\/div>\n\t\t\t\t<section class=\"elementor-section elementor-inner-section elementor-element elementor-element-7e56795 elementor-section-boxed elementor-section-height-default elementor-section-height-default elementor-invisible\" data-id=\"7e56795\" data-element_type=\"section\" data-e-type=\"section\" data-settings=\"{&quot;background_background&quot;:&quot;classic&quot;,&quot;animation&quot;:&quot;fadeInUp&quot;}\">\n\t\t\t\t\t\t<div class=\"elementor-container elementor-column-gap-no\">\n\t\t\t\t\t<div class=\"elementor-column elementor-col-100 elementor-inner-column elementor-element elementor-element-233037d2\" data-id=\"233037d2\" data-element_type=\"column\" data-e-type=\"column\">\n\t\t\t<div class=\"elementor-widget-wrap elementor-element-populated\">\n\t\t\t\t\t\t<div class=\"elementor-element elementor-element-2e328c1d elementor-view-default elementor-widget elementor-widget-icon\" data-id=\"2e328c1d\" data-element_type=\"widget\" data-e-type=\"widget\" data-widget_type=\"icon.default\">\n\t\t\t\t<div class=\"elementor-widget-container\">\n\t\t\t\t\t\t\t<div class=\"elementor-icon-wrapper\">\n\t\t\t<div class=\"elementor-icon\">\n\t\t\t<i aria-hidden=\"true\" class=\"fas fa-headset\"><\/i>\t\t\t<\/div>\n\t\t<\/div>\n\t\t\t\t\t\t<\/div>\n\t\t\t\t<\/div>\n\t\t\t\t<div class=\"elementor-element elementor-element-25069cd2 elementor-invisible elementor-widget elementor-widget-heading\" data-id=\"25069cd2\" data-element_type=\"widget\" data-e-type=\"widget\" data-settings=\"{&quot;_animation&quot;:&quot;fadeInUp&quot;}\" data-widget_type=\"heading.default\">\n\t\t\t\t<div class=\"elementor-widget-container\">\n\t\t\t\t\t<h2 class=\"elementor-heading-title elementor-size-default\">Detayl\u0131 Bilgi<\/h2>\t\t\t\t<\/div>\n\t\t\t\t<\/div>\n\t\t\t\t<div class=\"elementor-element elementor-element-688497e0 elementor-invisible elementor-widget elementor-widget-heading\" data-id=\"688497e0\" data-element_type=\"widget\" data-e-type=\"widget\" data-settings=\"{&quot;_animation&quot;:&quot;fadeInUp&quot;}\" data-widget_type=\"heading.default\">\n\t\t\t\t<div class=\"elementor-widget-container\">\n\t\t\t\t\t<h2 class=\"elementor-heading-title elementor-size-default\"><a href=\"tel:+905323998601\">0532 399 8601<\/a><\/h2>\t\t\t\t<\/div>\n\t\t\t\t<\/div>\n\t\t\t\t\t<\/div>\n\t\t<\/div>\n\t\t\t\t\t<\/div>\n\t\t<\/section>\n\t\t\t\t\t<\/div>\n\t\t<\/div>\n\t\t\t\t\t<\/div>\n\t\t<\/section>\n\t\t\t\t<section class=\"elementor-section elementor-top-section elementor-element elementor-element-0a73f11 elementor-section-boxed elementor-section-height-default elementor-section-height-default\" data-id=\"0a73f11\" data-element_type=\"section\" data-e-type=\"section\">\n\t\t\t\t\t\t<div class=\"elementor-container elementor-column-gap-default\">\n\t\t\t\t\t<div class=\"elementor-column elementor-col-100 elementor-top-column elementor-element elementor-element-2061dc3\" data-id=\"2061dc3\" data-element_type=\"column\" data-e-type=\"column\">\n\t\t\t<div class=\"elementor-widget-wrap elementor-element-populated\">\n\t\t\t\t\t\t<div class=\"elementor-element elementor-element-f97bc5d elementor-tabs-view-horizontal elementor-widget elementor-widget-tabs\" data-id=\"f97bc5d\" data-element_type=\"widget\" data-e-type=\"widget\" data-widget_type=\"tabs.default\">\n\t\t\t\t<div class=\"elementor-widget-container\">\n\t\t\t\t\t\t\t<div class=\"elementor-tabs\">\n\t\t\t<div class=\"elementor-tabs-wrapper\" role=\"tablist\" >\n\t\t\t\t\t\t\t\t\t<div id=\"elementor-tab-title-2611\" class=\"elementor-tab-title elementor-tab-desktop-title\" aria-selected=\"true\" data-tab=\"1\" role=\"tab\" tabindex=\"0\" aria-controls=\"elementor-tab-content-2611\" aria-expanded=\"false\">De\u011fi\u015fim Kriterleri<\/div>\n\t\t\t\t\t\t\t\t\t<div id=\"elementor-tab-title-2612\" class=\"elementor-tab-title elementor-tab-desktop-title\" aria-selected=\"false\" data-tab=\"2\" role=\"tab\" tabindex=\"-1\" aria-controls=\"elementor-tab-content-2612\" aria-expanded=\"false\">Tamir \/ Onar\u0131m \u015eartlar\u0131<\/div>\n\t\t\t\t\t\t\t\t\t<div id=\"elementor-tab-title-2613\" class=\"elementor-tab-title elementor-tab-desktop-title\" aria-selected=\"false\" data-tab=\"3\" role=\"tab\" tabindex=\"-1\" aria-controls=\"elementor-tab-content-2613\" aria-expanded=\"false\">ISPM 15<\/div>\n\t\t\t\t\t\t\t\t\t<div id=\"elementor-tab-title-2614\" class=\"elementor-tab-title elementor-tab-desktop-title\" aria-selected=\"false\" data-tab=\"4\" role=\"tab\" tabindex=\"-1\" aria-controls=\"elementor-tab-content-2614\" aria-expanded=\"false\">Tasar\u0131m \u00d6zellikleri<\/div>\n\t\t\t\t\t\t\t<\/div>\n\t\t\t<div class=\"elementor-tabs-content-wrapper\" role=\"tablist\" aria-orientation=\"vertical\">\n\t\t\t\t\t\t\t\t\t<div class=\"elementor-tab-title elementor-tab-mobile-title\" aria-selected=\"true\" data-tab=\"1\" role=\"tab\" tabindex=\"0\" aria-controls=\"elementor-tab-content-2611\" aria-expanded=\"false\">De\u011fi\u015fim Kriterleri<\/div>\n\t\t\t\t\t<div id=\"elementor-tab-content-2611\" class=\"elementor-tab-content elementor-clearfix\" data-tab=\"1\" role=\"tabpanel\" aria-labelledby=\"elementor-tab-title-2611\" tabindex=\"0\" hidden=\"false\"><p>EPAL 3 paletleri a\u015fa\u011f\u0131daki hatalardan bir veya daha fazlas\u0131n\u0131 g\u00f6steriyorsa, paletler de\u011fi\u015ftirilemez ve EPAL&#8217;in Teknik \u015eartnamesine g\u00f6re onar\u0131lmal\u0131\/ tamir edilmelidir.<\/p><p><strong>De\u011fi\u015ftirilemeyen EPAL paletleri:<\/strong><\/p><p><br \/><img fetchpriority=\"high\" decoding=\"async\" class=\"wp-image-330 size-full alignleft\" src=\"https:\/\/asyagulpalet.com\/wp-content\/uploads\/2022\/11\/palet-dt-tr.jpg\" alt=\"\" width=\"765\" height=\"833\" srcset=\"https:\/\/asyagulpalet.com\/wp-content\/uploads\/2022\/11\/palet-dt-tr.jpg 765w, https:\/\/asyagulpalet.com\/wp-content\/uploads\/2022\/11\/palet-dt-tr-276x300.jpg 276w\" sizes=\"(max-width: 765px) 100vw, 765px\" \/><\/p><\/div>\n\t\t\t\t\t\t\t\t\t<div class=\"elementor-tab-title elementor-tab-mobile-title\" aria-selected=\"false\" data-tab=\"2\" role=\"tab\" tabindex=\"-1\" aria-controls=\"elementor-tab-content-2612\" aria-expanded=\"false\">Tamir \/ Onar\u0131m \u015eartlar\u0131<\/div>\n\t\t\t\t\t<div id=\"elementor-tab-content-2612\" class=\"elementor-tab-content elementor-clearfix\" data-tab=\"2\" role=\"tabpanel\" aria-labelledby=\"elementor-tab-title-2612\" tabindex=\"0\" hidden=\"hidden\"><div class=\"pg pad10\"><div class=\"tablist\"><div class=\"tabBody\"><div id=\"onarim\" class=\"tab-child\"><p>Kalite s\u0131n\u0131fland\u0131rmas\u0131na g\u00f6re kullan\u0131lamaz durumda olan EPAL 3 paletleri, EPAL Teknik \u015eartnameye g\u00f6re onar\u0131lmal\u0131\/ tamir edilmelidir.<\/p><ol><li>EPAL 3 paletleri yaln\u0131zca lisansl\u0131 bir onar\u0131m\/ tamir \u015firketi taraf\u0131ndan tamir edilebilir.<\/li><li>EPAL 3 paletlerinin EPAL Lisans\u0131 olmadan tamiri yap\u0131lmas\u0131 durumunda, yasal olarak takibata tabi tutulur.<\/li><li>Yaln\u0131zca EPAL Teknik \u015eartnameye g\u00f6re uygun boyutlarda, do\u011fru par\u00e7alar kullan\u0131labilir.<\/li><li>Tamir edilen EPAL 3 paletleri, kalite s\u0131n\u0131flamas\u0131na uygun \u015fekilde tekrar kullan\u0131labilir hale getirilmelidir.<\/li><\/ol><\/div><\/div><\/div><\/div><\/div>\n\t\t\t\t\t\t\t\t\t<div class=\"elementor-tab-title elementor-tab-mobile-title\" aria-selected=\"false\" data-tab=\"3\" role=\"tab\" tabindex=\"-1\" aria-controls=\"elementor-tab-content-2613\" aria-expanded=\"false\">ISPM 15<\/div>\n\t\t\t\t\t<div id=\"elementor-tab-content-2613\" class=\"elementor-tab-content elementor-clearfix\" data-tab=\"3\" role=\"tabpanel\" aria-labelledby=\"elementor-tab-title-2613\" tabindex=\"0\" hidden=\"hidden\"><p>ISPM 15 standard\u0131na uygunluk, uluslararas\u0131 \u00fcr\u00fcn trafi\u011finde ta\u015f\u0131y\u0131c\u0131 paletlerde k\u0131s\u0131tlama olmaks\u0131z\u0131n kullanabilmek i\u00e7in en \u00f6nemli ko\u015fuldur. EPAL Paletleri IPPC\u2019 nin kat\u0131 talimatlar\u0131na g\u00f6re \u00fcretilir ve bu sebeple d\u00fcnya \u00e7ap\u0131nda kullan\u0131labilir.<\/p><p><img decoding=\"async\" class=\"alignnone wp-image-346 size-full\" src=\"https:\/\/asyagulpalet.com\/wp-content\/uploads\/2022\/11\/ippc.jpg\" alt=\"\" width=\"154\" height=\"184\" \/><\/p><ol><li>1 Ocak 2010&#8217;dan bu yana, yeni \u00fcretilen t\u00fcm EPAL paletleri ISPM 15&#8217;e g\u00f6re \u0131s\u0131l i\u015fleme tabi tutulmaktad\u0131r.<\/li><li>ISPM 15&#8217;e g\u00f6re i\u015flem g\u00f6ren EPAL paletler, uzun kenardaki her iki orta takozda yan\u0131k iz-i\u015faretlemelerinden tan\u0131nabilir.<\/li><li>EPAL paletler i\u00e7in metil brom\u00fcr (MB) ile i\u015flem yap\u0131lmas\u0131 yasakt\u0131r.<\/li><\/ol><\/div>\n\t\t\t\t\t\t\t\t\t<div class=\"elementor-tab-title elementor-tab-mobile-title\" aria-selected=\"false\" data-tab=\"4\" role=\"tab\" tabindex=\"-1\" aria-controls=\"elementor-tab-content-2614\" aria-expanded=\"false\">Tasar\u0131m \u00d6zellikleri<\/div>\n\t\t\t\t\t<div id=\"elementor-tab-content-2614\" class=\"elementor-tab-content elementor-clearfix\" data-tab=\"4\" role=\"tabpanel\" aria-labelledby=\"elementor-tab-title-2614\" tabindex=\"0\" hidden=\"hidden\"><p>EPAL paletleri a\u015fa\u011f\u0131daki durumlar i\u00e7in de ge\u00e7erlidir.<br \/><strong>\u00dcsteki tahtalar\/ \u00e7apraz tahtalar\/ d\u00f6\u015feme tahtalar\u0131<\/strong><\/p><ol><li>EPAL 3 palet tahta plakalar\u0131 22 ila 24 mm (25 mm&#8217;ye kadar kiri\u015fler) aras\u0131nda ve \u00fcst tahtalar en an 17mm bir kal\u0131nl\u0131\u011fa sahip olmal\u0131d\u0131r.<\/li><li>\u00c7apraz tahta plakalarda a\u011fa\u00e7 kenarlar\u0131 olmamal\u0131d\u0131r.<\/li><li>\u00c7apraz tahta plakalarda kavak a\u011fac\u0131 kullan\u0131lmas\u0131na izin verilmez.<\/li><li>T\u00fcm d\u00f6\u015feme tahtalar\u0131 (alttaki tahtalar), her iki 1.200 mm kenarlar\u0131n \u00fcst kenarlar\u0131 pahlanmal\u0131d\u0131r.<\/li><\/ol><\/div>\n\t\t\t\t\t\t\t<\/div>\n\t\t<\/div>\n\t\t\t\t\t\t<\/div>\n\t\t\t\t<\/div>\n\t\t\t\t\t<\/div>\n\t\t<\/div>\n\t\t\t\t\t<\/div>\n\t\t<\/section>\n\t\t\t\t<\/div>","protected":false},"excerpt":{"rendered":"<p>EPAL 100&#215;120 EPAL 100&#215;120 EPAL 3, EPAL \u00fcr\u00fcn yelpazesindeki yeni Asya standard\u0131d\u0131r. Ulusal ve uluslararas\u0131 \u00fcr\u00fcn ta\u015f\u0131mac\u0131l\u0131\u011f\u0131n\u0131n sorunsuz bir \u015fekilde yap\u0131lmas\u0131n\u0131 sa\u011flar. EPAL paletleri d\u00fcnya \u00e7ap\u0131nda ve s\u0131n\u0131rlar \u00f6tesinde g\u00fcvenlidir. EPAL paletleri, \u00fcr\u00fcnlerinizi sorunsuz ta\u015f\u0131nmas\u0131n\u0131 garanti eder. EPAL paletleri, \u00fcr\u00fcnlerinizin istikrarl\u0131 bir \u015fekilde depolanmas\u0131n\u0131 sa\u011flar. EPAL paletler y\u00fcksek kaliteleri sayesinde maksimum i\u015f g\u00fcvenli\u011fi sa\u011flar. \u00d6ZELL\u0130KLER [&hellip;]<\/p>\n","protected":false},"author":1,"featured_media":0,"parent":0,"menu_order":0,"comment_status":"closed","ping_status":"closed","template":"elementor_header_footer","meta":{"footnotes":""},"class_list":["post-462","page","type-page","status-publish","hentry"],"_links":{"self":[{"href":"https:\/\/asyagulpalet.com\/ar\/wp-json\/wp\/v2\/pages\/462","targetHints":{"allow":["GET"]}}],"collection":[{"href":"https:\/\/asyagulpalet.com\/ar\/wp-json\/wp\/v2\/pages"}],"about":[{"href":"https:\/\/asyagulpalet.com\/ar\/wp-json\/wp\/v2\/types\/page"}],"author":[{"embeddable":true,"href":"https:\/\/asyagulpalet.com\/ar\/wp-json\/wp\/v2\/users\/1"}],"replies":[{"embeddable":true,"href":"https:\/\/asyagulpalet.com\/ar\/wp-json\/wp\/v2\/comments?post=462"}],"version-history":[{"count":26,"href":"https:\/\/asyagulpalet.com\/ar\/wp-json\/wp\/v2\/pages\/462\/revisions"}],"predecessor-version":[{"id":488,"href":"https:\/\/asyagulpalet.com\/ar\/wp-json\/wp\/v2\/pages\/462\/revisions\/488"}],"wp:attachment":[{"href":"https:\/\/asyagulpalet.com\/ar\/wp-json\/wp\/v2\/media?parent=462"}],"curies":[{"name":"wp","href":"https:\/\/api.w.org\/{rel}","templated":true}]}}