{"id":497,"date":"2022-11-12T08:17:02","date_gmt":"2022-11-12T08:17:02","guid":{"rendered":"https:\/\/asyagulpalet.com\/?page_id=497"},"modified":"2022-11-12T08:30:10","modified_gmt":"2022-11-12T08:30:10","slug":"turpal-60x80","status":"publish","type":"page","link":"https:\/\/asyagulpalet.com\/ar\/turpal-60x80\/","title":{"rendered":"TURPAL  60X80"},"content":{"rendered":"<div data-elementor-type=\"wp-page\" data-elementor-id=\"497\" class=\"elementor elementor-497\" data-elementor-post-type=\"page\">\n\t\t\t\t\t\t<section class=\"elementor-section elementor-top-section elementor-element elementor-element-1bd257b7 elementor-section-height-min-height elementor-section-boxed elementor-section-height-default elementor-section-items-middle\" data-id=\"1bd257b7\" data-element_type=\"section\" data-e-type=\"section\" data-settings=\"{&quot;background_background&quot;:&quot;classic&quot;}\">\n\t\t\t\t\t\t\t<div class=\"elementor-background-overlay\"><\/div>\n\t\t\t\t\t\t\t<div class=\"elementor-container elementor-column-gap-default\">\n\t\t\t\t\t<div class=\"elementor-column elementor-col-100 elementor-top-column elementor-element elementor-element-69af8c7e\" data-id=\"69af8c7e\" data-element_type=\"column\" data-e-type=\"column\">\n\t\t\t<div class=\"elementor-widget-wrap elementor-element-populated\">\n\t\t\t\t\t\t<div class=\"elementor-element elementor-element-7b4af161 elementor-invisible elementor-widget elementor-widget-heading\" data-id=\"7b4af161\" data-element_type=\"widget\" data-e-type=\"widget\" data-settings=\"{&quot;_animation&quot;:&quot;fadeInUp&quot;}\" data-widget_type=\"heading.default\">\n\t\t\t\t<div class=\"elementor-widget-container\">\n\t\t\t\t\t<h1 class=\"elementor-heading-title elementor-size-default\">TURPAL 60 x 80<\/h1>\t\t\t\t<\/div>\n\t\t\t\t<\/div>\n\t\t\t\t\t<\/div>\n\t\t<\/div>\n\t\t\t\t\t<\/div>\n\t\t<\/section>\n\t\t\t\t<section class=\"elementor-section elementor-top-section elementor-element elementor-element-4e94c8c7 elementor-section-boxed elementor-section-height-default elementor-section-height-default\" data-id=\"4e94c8c7\" data-element_type=\"section\" data-e-type=\"section\">\n\t\t\t\t\t\t<div class=\"elementor-container elementor-column-gap-default\">\n\t\t\t\t\t<div class=\"elementor-column elementor-col-100 elementor-top-column elementor-element elementor-element-cc5f3e9\" data-id=\"cc5f3e9\" data-element_type=\"column\" data-e-type=\"column\">\n\t\t\t<div class=\"elementor-widget-wrap elementor-element-populated\">\n\t\t\t\t\t\t<div class=\"elementor-element elementor-element-50c0cad elementor-widget elementor-widget-text-editor\" data-id=\"50c0cad\" data-element_type=\"widget\" data-e-type=\"widget\" data-widget_type=\"text-editor.default\">\n\t\t\t\t<div class=\"elementor-widget-container\">\n\t\t\t\t\t\t\t\t\t<p>Turpal Palet, Avrupa Palet\u00e7iler Birli\u011fi taraf\u0131ndan T\u00fcrkiye\u2019de kurulmu\u015f olup hammaddesi \u00e7am ve kavak a\u011fa\u00e7lar\u0131ndan olu\u015fan bir palet \u00e7e\u015fididir. \u00dcretim malzemesi olarak kullan\u0131lan kurutulmu\u015f tahta sayesinde b\u00f6cek vb. ha\u015feratt\u0131n olu\u015fturaca\u011f\u0131 zarar\u0131 en aza indirir. Bu avantaj\u0131 sayesinde Turpal Palet \u00e7e\u015fidinin \u00f6m\u00fcrleri uzun ve olduk\u00e7a kullan\u0131\u015fl\u0131d\u0131rlar.<\/p>\t\t\t\t\t\t\t\t<\/div>\n\t\t\t\t<\/div>\n\t\t\t\t<div class=\"elementor-element elementor-element-d94673f elementor-widget elementor-widget-image\" data-id=\"d94673f\" data-element_type=\"widget\" data-e-type=\"widget\" data-widget_type=\"image.default\">\n\t\t\t\t<div class=\"elementor-widget-container\">\n\t\t\t\t\t\t\t\t\t\t\t\t\t\t\t<img fetchpriority=\"high\" decoding=\"async\" width=\"1697\" height=\"1127\" src=\"https:\/\/asyagulpalet.com\/wp-content\/uploads\/2022\/11\/Turpal-60x80-1.jpg\" class=\"attachment-full size-full wp-image-542\" alt=\"\" srcset=\"https:\/\/asyagulpalet.com\/wp-content\/uploads\/2022\/11\/Turpal-60x80-1.jpg 1697w, https:\/\/asyagulpalet.com\/wp-content\/uploads\/2022\/11\/Turpal-60x80-1-300x199.jpg 300w, https:\/\/asyagulpalet.com\/wp-content\/uploads\/2022\/11\/Turpal-60x80-1-1024x680.jpg 1024w, https:\/\/asyagulpalet.com\/wp-content\/uploads\/2022\/11\/Turpal-60x80-1-768x510.jpg 768w, https:\/\/asyagulpalet.com\/wp-content\/uploads\/2022\/11\/Turpal-60x80-1-1536x1020.jpg 1536w\" sizes=\"(max-width: 1697px) 100vw, 1697px\" \/>\t\t\t\t\t\t\t\t\t\t\t\t\t\t\t<\/div>\n\t\t\t\t<\/div>\n\t\t\t\t<div class=\"elementor-element elementor-element-3bc3fed elementor-widget elementor-widget-text-editor\" data-id=\"3bc3fed\" data-element_type=\"widget\" data-e-type=\"widget\" data-widget_type=\"text-editor.default\">\n\t\t\t\t<div class=\"elementor-widget-container\">\n\t\t\t\t\t\t\t\t\t<h4 class=\"pb--5\">Turpal Palet \u00d6zellikleri<\/h4><div class=\"entry-content\"><ul class=\"text-dark\"><li>Turpal palet hammaddesi olarak kullan\u0131lan a\u011fa\u00e7lar sayesinde sa\u011flam ve kullan\u0131\u015fl\u0131d\u0131r.<\/li><li>\u00d6m\u00fcrleri t\u00fckenmi\u015f olsa bile turpal paletler geri d\u00f6n\u00fc\u015f\u00fcm yoluyla \u00e7evreye kazand\u0131r\u0131l\u0131r.<\/li><li>Uluslararas\u0131 belirlenen \u00f6l\u00e7\u00fc ve kriterlere sahipler<\/li><li>B\u00fcy\u00fck hacimli malzemelerin nakliyesinde turpal palet kullan\u0131m\u0131 elveri\u015flidir.<\/li><li>Kullan\u0131\u015fl\u0131 olma \u00f6zelli\u011fi sayesinde turpal paletler uzun \u00f6m\u00fcrl\u00fcd\u00fcr.<\/li><li>Kurutulmu\u015f tahtadan yap\u0131lan turpal paletler b\u00f6ceklerden de zarar gelme oran\u0131n\u0131 d\u00fc\u015f\u00fcr\u00fcr.<\/li><li>Kullan\u0131m s\u00fcreleri dolan turpal paletler ikinci el olarak kullan\u0131lma \u00f6zelli\u011fine de sahiptir.<\/li><li>Nakliye ve depolamada en \u00e7ok kullan\u0131lan turpal palet ayn\u0131 zamanda en kullan\u0131\u015fl\u0131 palet \u00e7e\u015fitleri aras\u0131ndad\u0131r.<\/li><li>Bir tondan fazla y\u00fck ta\u015f\u0131ma kapasiteleri bulunur.<\/li><li><strong>Turpal palette<\/strong>\u00a0di\u011fer palet \u00e7e\u015fitleri gibi belli standart \u00f6l\u00e7\u00fclerden olu\u015fur.<\/li><\/ul><\/div>\t\t\t\t\t\t\t\t<\/div>\n\t\t\t\t<\/div>\n\t\t\t\t\t<\/div>\n\t\t<\/div>\n\t\t\t\t\t<\/div>\n\t\t<\/section>\n\t\t\t\t<\/div>","protected":false},"excerpt":{"rendered":"<p>TURPAL 60 x 80 Turpal Palet, Avrupa Palet\u00e7iler Birli\u011fi taraf\u0131ndan T\u00fcrkiye\u2019de kurulmu\u015f olup hammaddesi \u00e7am ve kavak a\u011fa\u00e7lar\u0131ndan olu\u015fan bir palet \u00e7e\u015fididir. \u00dcretim malzemesi olarak kullan\u0131lan kurutulmu\u015f tahta sayesinde b\u00f6cek vb. ha\u015feratt\u0131n olu\u015fturaca\u011f\u0131 zarar\u0131 en aza indirir. Bu avantaj\u0131 sayesinde Turpal Palet \u00e7e\u015fidinin \u00f6m\u00fcrleri uzun ve olduk\u00e7a kullan\u0131\u015fl\u0131d\u0131rlar. Turpal Palet \u00d6zellikleri Turpal palet hammaddesi olarak [&hellip;]<\/p>\n","protected":false},"author":1,"featured_media":0,"parent":0,"menu_order":0,"comment_status":"closed","ping_status":"closed","template":"elementor_header_footer","meta":{"footnotes":""},"class_list":["post-497","page","type-page","status-publish","hentry"],"_links":{"self":[{"href":"https:\/\/asyagulpalet.com\/ar\/wp-json\/wp\/v2\/pages\/497","targetHints":{"allow":["GET"]}}],"collection":[{"href":"https:\/\/asyagulpalet.com\/ar\/wp-json\/wp\/v2\/pages"}],"about":[{"href":"https:\/\/asyagulpalet.com\/ar\/wp-json\/wp\/v2\/types\/page"}],"author":[{"embeddable":true,"href":"https:\/\/asyagulpalet.com\/ar\/wp-json\/wp\/v2\/users\/1"}],"replies":[{"embeddable":true,"href":"https:\/\/asyagulpalet.com\/ar\/wp-json\/wp\/v2\/comments?post=497"}],"version-history":[{"count":20,"href":"https:\/\/asyagulpalet.com\/ar\/wp-json\/wp\/v2\/pages\/497\/revisions"}],"predecessor-version":[{"id":562,"href":"https:\/\/asyagulpalet.com\/ar\/wp-json\/wp\/v2\/pages\/497\/revisions\/562"}],"wp:attachment":[{"href":"https:\/\/asyagulpalet.com\/ar\/wp-json\/wp\/v2\/media?parent=497"}],"curies":[{"name":"wp","href":"https:\/\/api.w.org\/{rel}","templated":true}]}}