{"id":603,"date":"2022-11-12T08:42:16","date_gmt":"2022-11-12T08:42:16","guid":{"rendered":"https:\/\/asyagulpalet.com\/?page_id=603"},"modified":"2022-12-02T08:57:15","modified_gmt":"2022-12-02T08:57:15","slug":"kurumsal","status":"publish","type":"page","link":"https:\/\/asyagulpalet.com\/ar\/kurumsal\/","title":{"rendered":"KURUMSAL"},"content":{"rendered":"<div data-elementor-type=\"wp-page\" data-elementor-id=\"603\" class=\"elementor elementor-603\" data-elementor-post-type=\"page\">\n\t\t\t\t\t\t<section class=\"elementor-section elementor-top-section elementor-element elementor-element-2b9d5a4b elementor-section-height-min-height elementor-section-boxed elementor-section-height-default elementor-section-items-middle\" data-id=\"2b9d5a4b\" data-element_type=\"section\" data-e-type=\"section\" data-settings=\"{&quot;background_background&quot;:&quot;classic&quot;}\">\n\t\t\t\t\t\t\t<div class=\"elementor-background-overlay\"><\/div>\n\t\t\t\t\t\t\t<div class=\"elementor-container elementor-column-gap-default\">\n\t\t\t\t\t<div class=\"elementor-column elementor-col-100 elementor-top-column elementor-element elementor-element-dad946\" data-id=\"dad946\" data-element_type=\"column\" data-e-type=\"column\">\n\t\t\t<div class=\"elementor-widget-wrap\">\n\t\t\t\t\t\t\t<\/div>\n\t\t<\/div>\n\t\t\t\t\t<\/div>\n\t\t<\/section>\n\t\t\t\t<section class=\"elementor-section elementor-top-section elementor-element elementor-element-65ac39e elementor-section-boxed elementor-section-height-default elementor-section-height-default\" data-id=\"65ac39e\" data-element_type=\"section\" data-e-type=\"section\">\n\t\t\t\t\t\t<div class=\"elementor-container elementor-column-gap-default\">\n\t\t\t\t\t<div class=\"elementor-column elementor-col-100 elementor-top-column elementor-element elementor-element-aaa96e2\" data-id=\"aaa96e2\" data-element_type=\"column\" data-e-type=\"column\">\n\t\t\t<div class=\"elementor-widget-wrap elementor-element-populated\">\n\t\t\t\t\t\t<div class=\"elementor-element elementor-element-411a76b elementor-invisible elementor-widget elementor-widget-elementskit-heading\" data-id=\"411a76b\" data-element_type=\"widget\" data-e-type=\"widget\" data-settings=\"{&quot;_animation&quot;:&quot;fadeInUp&quot;}\" data-widget_type=\"elementskit-heading.default\">\n\t\t\t\t<div class=\"elementor-widget-container\">\n\t\t\t\t\t<div class=\"ekit-wid-con\" ><div class=\"ekit-heading elementskit-section-title-wraper text_left   ekit_heading_tablet-   ekit_heading_mobile-\"><h2 class=\"ekit-heading--title elementskit-section-title\"><span><span>Asyag\u00fcl<\/span><\/span> \u0645\u0646\u062a\u062c\u0627\u062a \u0627\u0644\u063a\u0627\u0628\u0627\u062a<\/h2><\/div><\/div>\t\t\t\t<\/div>\n\t\t\t\t<\/div>\n\t\t\t\t\t<\/div>\n\t\t<\/div>\n\t\t\t\t\t<\/div>\n\t\t<\/section>\n\t\t\t\t<section class=\"elementor-section elementor-top-section elementor-element elementor-element-b0b1bc5 elementor-section-boxed elementor-section-height-default elementor-section-height-default\" data-id=\"b0b1bc5\" data-element_type=\"section\" data-e-type=\"section\">\n\t\t\t\t\t\t<div class=\"elementor-container elementor-column-gap-default\">\n\t\t\t\t\t<div class=\"elementor-column elementor-col-50 elementor-top-column elementor-element elementor-element-cfe2807\" data-id=\"cfe2807\" data-element_type=\"column\" data-e-type=\"column\">\n\t\t\t<div class=\"elementor-widget-wrap elementor-element-populated\">\n\t\t\t\t\t\t<div class=\"elementor-element elementor-element-a23cb6f elementor-widget elementor-widget-text-editor\" data-id=\"a23cb6f\" data-element_type=\"widget\" data-e-type=\"widget\" data-widget_type=\"text-editor.default\">\n\t\t\t\t<div class=\"elementor-widget-container\">\n\t\t\t\t\t\t\t\t\t<p>Tedarik zincirinde olmazsa olmaz\u0131 \u2026 PALET\u2026..<\/p><p>Mal kabul ve sevkiyat s\u00fcre\u00e7lerinde \u00fcretici ve tedarik\u00e7iler,\u00a0 \u00fcr\u00fcnlerinin g\u00f6nderimi ve depolama i\u015flemleri i\u00e7in paletlere ihtiya\u00e7 duyarlar.<\/p><p>Paletler ile zamandan tasarruf edilirken, ta\u015f\u0131ma g\u00fcvenli\u011fi sa\u011flanarak ak\u0131ll\u0131 ta\u015f\u0131ma i\u015flemi yap\u0131l\u0131r.<\/p><p>\u0641\u064a \u0639\u0627\u0645 1970\u060c \u0628\u062f\u0623 \u064a\u0648\u0633\u0641 \u0623\u064a\u0627\u0646 \u0623\u0648\u063a\u0644\u0648\u060c \u0645\u0624\u0633\u0633 \u0627\u0644\u0634\u0631\u0643\u0629\u060c \u0627\u0644\u0630\u064a \u0628\u062f\u0623 \u062a\u062f\u0631\u064a\u0628\u0647 \u0627\u0644\u0645\u0647\u0646\u064a \u0641\u064a \u0627\u0644\u0646\u062c\u0627\u0631\u0629\u060c \u0648\u0647\u064a \u0645\u0647\u0646\u0629 \u0648\u0627\u0644\u062f\u0647 \u0641\u064a \u0623\u0636\u0646\u0629 \u0639\u0644\u0649 \u0645\u0633\u0627\u062d\u0629 50 \u0645\u062a\u0631\u064b\u0627 \u0645\u0631\u0628\u0639\u064b\u0627\u060c \u0639\u0645\u0644\u0647 \u0627\u0644\u062e\u0627\u0635 \u0641\u064a \u0639\u0627\u0645 2005\u060c \u0648\u062f\u062e\u0644 \u0641\u064a \u0647\u0630\u0627 \u0627\u0644\u0642\u0637\u0627\u0639.<\/p><p>2020 y\u0131l\u0131nda Asyag\u00fcl Orman \u00dcr\u00fcnleri markas\u0131yla b\u00fcy\u00fcme karar\u0131 al\u0131r.<\/p><p>\u0648\u0627\u0644\u064a\u0648\u0645\u060c \u062a\u0642\u0648\u0645 \u0627\u0644\u0634\u0631\u0643\u0629 \u0628\u0627\u0644\u062a\u0635\u0646\u064a\u0639 \u0639\u0644\u0649 \u0645\u0633\u0627\u062d\u0629 10.000 \u0645\u062a\u0631 \u0645\u0631\u0628\u0639. \u0648\u0647\u064a \u062a\u0639\u0645\u0644 \u0645\u0639 \u0627\u0644\u0634\u0631\u0643\u0627\u062a \u0627\u0644\u0631\u0627\u0626\u062f\u0629 \u0641\u064a \u0642\u0637\u0627\u0639\u064a \u0627\u0644\u062e\u062f\u0645\u0627\u062a \u0627\u0644\u0644\u0648\u062c\u0633\u062a\u064a\u0629 \u0648\u0627\u0644\u062a\u0639\u0628\u0626\u0629 \u0648\u0627\u0644\u062a\u063a\u0644\u064a\u0641 \u0641\u064a \u062a\u0631\u0643\u064a\u0627.<\/p><p>\u062a\u0642\u0648\u0645 \u0634\u0631\u0643\u0629 Asyag\u00fcl \u0644\u0644\u0645\u0646\u062a\u062c\u0627\u062a \u0627\u0644\u062d\u0631\u062c\u064a\u0629 \u0628\u062a\u0648\u0631\u064a\u062f \u062c\u0630\u0648\u0639 \u0623\u0634\u062c\u0627\u0631 \u0627\u0644\u0635\u0646\u0648\u0628\u0631\u060c \u0648\u0647\u064a \u0627\u0644\u0645\u0627\u062f\u0629 \u0627\u0644\u062e\u0627\u0645 \u0644\u0645\u0646\u062a\u062c\u0627\u062a \u0627\u0644\u0628\u0644\u064a\u062a \u0627\u0644\u062e\u0627\u0645 \u0630\u0627\u062a \u0645\u0639\u0627\u064a\u064a\u0631 \u0627\u0644\u062c\u0648\u062f\u0629 \u0627\u0644\u0639\u0627\u0644\u064a\u0629\u060c \u0645\u0646 \u0645\u0633\u062a\u0648\u062f\u0639\u0627\u062a \u0625\u062f\u0627\u0631\u0629 \u0627\u0644\u063a\u0627\u0628\u0627\u062a.<\/p><p>\u0627\u0644\u0623\u0648\u0644\u0648\u064a\u0629 \u0627\u0644\u0623\u0648\u0644\u0649 \u0647\u064a \u0625\u0646\u062a\u0627\u062c \u0645\u0646\u062a\u062c\u0627\u062a \u0630\u0627\u062a \u0645\u0639\u0627\u064a\u064a\u0631 \u062c\u0648\u062f\u0629 \u0639\u0627\u0644\u064a\u0629. \u0648\u0647\u0630\u0627 \u0623\u0645\u0631 \u0645\u0647\u0645 \u0644\u0644\u0645\u0646\u0627\u0641\u0633\u0629 \u0627\u0644\u0639\u0627\u0644\u064a\u0629 \u0641\u064a \u0627\u0644\u0633\u0648\u0642.<\/p><p>Asyag\u00fcl\u00a0 Orman \u00dcr\u00fcnleri\u00a0 ile \u00e7al\u0131\u015fan firmalar her zaman ayn\u0131 y\u00fcksek kalite standartlar\u0131na sahip \u00fcr\u00fcnleri kullan\u0131rlar.<\/p>\t\t\t\t\t\t\t\t<\/div>\n\t\t\t\t<\/div>\n\t\t\t\t\t<\/div>\n\t\t<\/div>\n\t\t\t\t<div class=\"elementor-column elementor-col-50 elementor-top-column elementor-element elementor-element-66fffa2\" data-id=\"66fffa2\" data-element_type=\"column\" data-e-type=\"column\">\n\t\t\t<div class=\"elementor-widget-wrap elementor-element-populated\">\n\t\t\t\t\t\t<div class=\"elementor-element elementor-element-80657c1 elementor-widget elementor-widget-image\" data-id=\"80657c1\" data-element_type=\"widget\" data-e-type=\"widget\" data-widget_type=\"image.default\">\n\t\t\t\t<div class=\"elementor-widget-container\">\n\t\t\t\t\t\t\t\t\t\t\t\t\t\t\t<img fetchpriority=\"high\" decoding=\"async\" width=\"574\" height=\"582\" src=\"https:\/\/asyagulpalet.com\/wp-content\/uploads\/2022\/12\/asygulpalet.jpg\" class=\"attachment-large size-large wp-image-833\" alt=\"\" srcset=\"https:\/\/asyagulpalet.com\/wp-content\/uploads\/2022\/12\/asygulpalet.jpg 574w, https:\/\/asyagulpalet.com\/wp-content\/uploads\/2022\/12\/asygulpalet-296x300.jpg 296w\" sizes=\"(max-width: 574px) 100vw, 574px\" \/>\t\t\t\t\t\t\t\t\t\t\t\t\t\t\t<\/div>\n\t\t\t\t<\/div>\n\t\t\t\t\t<\/div>\n\t\t<\/div>\n\t\t\t\t\t<\/div>\n\t\t<\/section>\n\t\t\t\t<section class=\"elementor-section elementor-top-section elementor-element elementor-element-6a65e66c elementor-section-boxed elementor-section-height-default elementor-section-height-default\" data-id=\"6a65e66c\" data-element_type=\"section\" data-e-type=\"section\" data-settings=\"{&quot;background_background&quot;:&quot;classic&quot;}\">\n\t\t\t\t\t\t<div class=\"elementor-container elementor-column-gap-default\">\n\t\t\t\t\t<div class=\"elementor-column elementor-col-100 elementor-top-column elementor-element elementor-element-1a92c316\" data-id=\"1a92c316\" data-element_type=\"column\" data-e-type=\"column\">\n\t\t\t<div class=\"elementor-widget-wrap elementor-element-populated\">\n\t\t\t\t\t\t<div class=\"elementor-element elementor-element-724534f8 elementor-invisible elementor-widget elementor-widget-text-editor\" data-id=\"724534f8\" data-element_type=\"widget\" data-e-type=\"widget\" data-settings=\"{&quot;_animation&quot;:&quot;fadeInUp&quot;}\" data-widget_type=\"text-editor.default\">\n\t\t\t\t<div class=\"elementor-widget-container\">\n\t\t\t\t\t\t\t\t\t<p>\u00a0<\/p><ol><li>S\u0131n\u0131f verimlilikle \u00e7al\u0131\u015fan i\u015fletmede<\/li><\/ol><p>Kesim, ayr\u0131\u015ft\u0131rma ve bi\u00e7imleme i\u015flemleri alan\u0131nda uzman personeller ile y\u00fcksek performansa sahip ve verimli makinelerle yap\u0131l\u0131r.<\/p><p>A\u011fa\u00e7lar kesime verildikten sonra s\u0131ras\u0131yla \u00fcretim a\u015famalar\u0131ndan ge\u00e7erek palet haline d\u00f6n\u00fc\u015ft\u00fcr\u00fcl\u00fcr.<\/p><p>\u0130\u015f g\u00fcvenli\u011finden taviz vermeden, fabrikada \u00fcretimin her a\u015famas\u0131nda kontroller s\u00fcrekli sa\u011flan\u0131r.<\/p><p>Standart \u00fcretimin haricinde her b\u00fcy\u00fckl\u00fckteki \u015firket i\u00e7in eksiksiz bir palet \u00fcretim ve y\u00f6netim s\u00fcreci lisans y\u00f6netmeliklerine uygun yap\u0131l\u0131r.<\/p><p>Asyag\u00fcl\u00a0 Orman \u00dcr\u00fcnleri Sekt\u00f6r i\u00e7in \u00f6nemli olan \u00a0Uluslararas\u0131 Epal ve Turpal geri d\u00f6n\u00fc\u015f\u00fcm lisanslar\u0131na sahiptir.<\/p><p>100\u2019e yak\u0131n \u00e7al\u0131\u015fan ile g\u00fcnl\u00fck 3.000 adet yeni palet \u00fcreten Asyag\u00fcl Orman \u00dcr\u00fcnleri, teknolojiyi yak\u0131ndan takip edip s\u00fcrekli yat\u0131r\u0131mlar yaparak her ge\u00e7en g\u00fcn kapasitesini artt\u0131rmaktad\u0131r.<\/p><p>S\u00fcrekli olarak b\u0131\u00e7ak bak\u0131mlar\u0131 yap\u0131larak kerestenin kesim ve y\u00fczey hassasiyeti en y\u00fcksek seviyede olmas\u0131 ama\u00e7lan\u0131r.<\/p><p>Asyag\u00fcl Orman \u00dcr\u00fcnlerinde palet ayr\u0131\u015ft\u0131rma ve geri kazan\u0131lm\u0131\u015f palet y\u00f6netimi uygulan\u0131r.\u00a0 G\u00fcvenli\u011fi artt\u0131r\u0131lm\u0131\u015f son teknoloji onar\u0131m hatt\u0131 ile fabrika ve depolar\u0131m\u0131zda incelenen paletler onar\u0131m sonras\u0131 \u00fcreticilere ula\u015ft\u0131r\u0131l\u0131r.<\/p><p>Haz\u0131r olan \u00fcr\u00fcnler, firma filosu ve tedarik filolar arac\u0131l\u0131\u011f\u0131yla transferi sa\u011flan\u0131r. M\u00fc\u015fterilere teslimat kolayl\u0131\u011f\u0131 ve d\u00fc\u015f\u00fck maliyet a\u00e7\u0131s\u0131ndan \u00e7e\u015fitli illerde bulunan depolara hizmet a\u011f\u0131 ile g\u00f6nderilir.<\/p><p><strong>ISPM15 standartlar\u0131nda Is\u0131l \u0130\u015flem ve Kurutma i\u015flemleri yap\u0131l\u0131r. Palet k\u00fcflenmesinin \u00f6n\u00fcne ge\u00e7mek i\u00e7in t\u00fcm \u00fcr\u00fcnler \u0131s\u0131l i\u015flemden ge\u00e7irilerek kurutma i\u015flemi sa\u011flan\u0131r. Ama\u00e7 nemin d\u00fc\u015fmesidir.<\/strong><\/p><p>\u00a0<\/p><p>Sekt\u00f6r\u00fcn \u00f6nemli bir oyuncusu olan Asyag\u00fcl Orman \u00dcr\u00fcnleri\u2019nde uluslararas\u0131 standartlara uygun \u00fcretilen paletler EPAL markas\u0131 ile yurt d\u0131\u015f\u0131na ihra\u00e7 edilmektedir. Turpal marka \u00fcr\u00fcnler yurt i\u00e7indeki \u00fcreticilerin ihtiyac\u0131n\u0131 kar\u015f\u0131lamaktad\u0131r.<\/p><p>S\u0131ral\u0131 \u00fcretim s\u00fcrecine g\u00f6re daha az tala\u015f \u00fcretilir. \u00d6zel b\u00f6l\u00fcmde toplat\u0131lan tala\u015flar \u00e7e\u015fitli sekt\u00f6rler i\u00e7in hammadde olarak saklan\u0131r.\u00a0 Burada i\u015flemeden kaynakl\u0131 hi\u00e7bir at\u0131k kaybolmaz.<\/p><p>T\u00fcrkiye ba\u015fta olmak \u00fczere 10\u2019dan fazlaya \u00fclkede m\u00fc\u015fterilerine hizmet vermektedir.<\/p><p>Asyag\u00fcl Orman \u00dcr\u00fcnleri m\u00fc\u015fteri memnuniyeti ile her zaman tercih edilen ilk firma olman\u0131n hakl\u0131 gururunu ya\u015famaktad\u0131r.<\/p><p>Hammadde bir de\u011ferdir.<\/p><p>Eme\u011fin ve a\u011fac\u0131n de\u011ferini biliyoruz.<\/p><p><strong>Asyag\u00fcl Orman \u00dcr\u00fcnleri<\/strong><\/p><p>\u00a0<\/p>\t\t\t\t\t\t\t\t<\/div>\n\t\t\t\t<\/div>\n\t\t\t\t\t<\/div>\n\t\t<\/div>\n\t\t\t\t\t<\/div>\n\t\t<\/section>\n\t\t\t\t<section class=\"elementor-section elementor-top-section elementor-element elementor-element-c58ded3 elementor-section-boxed elementor-section-height-default elementor-section-height-default\" data-id=\"c58ded3\" data-element_type=\"section\" data-e-type=\"section\">\n\t\t\t\t\t\t<div class=\"elementor-container elementor-column-gap-default\">\n\t\t\t\t\t<div class=\"elementor-column elementor-col-100 elementor-top-column elementor-element elementor-element-466daa0\" data-id=\"466daa0\" data-element_type=\"column\" data-e-type=\"column\">\n\t\t\t<div class=\"elementor-widget-wrap elementor-element-populated\">\n\t\t\t\t\t\t<div class=\"elementor-element elementor-element-f7d82bf elementor-widget elementor-widget-heading\" data-id=\"f7d82bf\" data-element_type=\"widget\" data-e-type=\"widget\" data-widget_type=\"heading.default\">\n\t\t\t\t<div class=\"elementor-widget-container\">\n\t\t\t\t\t<h2 class=\"elementor-heading-title elementor-size-default\">BELGELER\u0130M\u0130Z<\/h2>\t\t\t\t<\/div>\n\t\t\t\t<\/div>\n\t\t\t\t\t<\/div>\n\t\t<\/div>\n\t\t\t\t\t<\/div>\n\t\t<\/section>\n\t\t\t\t<section class=\"elementor-section elementor-top-section elementor-element elementor-element-ede6f85 elementor-section-boxed elementor-section-height-default elementor-section-height-default\" data-id=\"ede6f85\" data-element_type=\"section\" data-e-type=\"section\">\n\t\t\t\t\t\t<div class=\"elementor-container elementor-column-gap-default\">\n\t\t\t\t\t<div class=\"elementor-column elementor-col-50 elementor-top-column elementor-element elementor-element-2f27278\" data-id=\"2f27278\" data-element_type=\"column\" data-e-type=\"column\">\n\t\t\t<div class=\"elementor-widget-wrap elementor-element-populated\">\n\t\t\t\t\t\t<div class=\"elementor-element elementor-element-815cc8a elementor-widget elementor-widget-image\" data-id=\"815cc8a\" data-element_type=\"widget\" data-e-type=\"widget\" data-widget_type=\"image.default\">\n\t\t\t\t<div class=\"elementor-widget-container\">\n\t\t\t\t\t\t\t\t\t\t\t\t\t\t\t\t<a href=\"https:\/\/asyagulpalet.com\/wp-content\/uploads\/2022\/12\/WhatsApp-Image-2022-11-30-at-15.09.47-1-rotated.jpeg\" data-elementor-open-lightbox=\"yes\" data-elementor-lightbox-title=\"WhatsApp Image 2022-11-30 at 15.09.47 (1)\" data-e-action-hash=\"#elementor-action%3Aaction%3Dlightbox%26settings%3DeyJpZCI6NzY3LCJ1cmwiOiJodHRwczpcL1wvYXN5YWd1bHBhbGV0LmNvbVwvd3AtY29udGVudFwvdXBsb2Fkc1wvMjAyMlwvMTJcL1doYXRzQXBwLUltYWdlLTIwMjItMTEtMzAtYXQtMTUuMDkuNDctMS1yb3RhdGVkLmpwZWcifQ%3D%3D\">\n\t\t\t\t\t\t\t<img decoding=\"async\" width=\"800\" height=\"581\" src=\"https:\/\/asyagulpalet.com\/wp-content\/uploads\/2022\/12\/WhatsApp-Image-2022-11-30-at-15.09.47-1-1024x744.jpeg\" class=\"attachment-large size-large wp-image-767\" alt=\"\" srcset=\"https:\/\/asyagulpalet.com\/wp-content\/uploads\/2022\/12\/WhatsApp-Image-2022-11-30-at-15.09.47-1-1024x744.jpeg 1024w, https:\/\/asyagulpalet.com\/wp-content\/uploads\/2022\/12\/WhatsApp-Image-2022-11-30-at-15.09.47-1-300x218.jpeg 300w, https:\/\/asyagulpalet.com\/wp-content\/uploads\/2022\/12\/WhatsApp-Image-2022-11-30-at-15.09.47-1-768x558.jpeg 768w, https:\/\/asyagulpalet.com\/wp-content\/uploads\/2022\/12\/WhatsApp-Image-2022-11-30-at-15.09.47-1-1536x1116.jpeg 1536w, https:\/\/asyagulpalet.com\/wp-content\/uploads\/2022\/12\/WhatsApp-Image-2022-11-30-at-15.09.47-1-rotated.jpeg 1600w\" sizes=\"(max-width: 800px) 100vw, 800px\" \/>\t\t\t\t\t\t\t\t<\/a>\n\t\t\t\t\t\t\t\t\t\t\t\t\t\t\t<\/div>\n\t\t\t\t<\/div>\n\t\t\t\t\t<\/div>\n\t\t<\/div>\n\t\t\t\t<div class=\"elementor-column elementor-col-50 elementor-top-column elementor-element elementor-element-6a67715\" data-id=\"6a67715\" data-element_type=\"column\" data-e-type=\"column\">\n\t\t\t<div class=\"elementor-widget-wrap elementor-element-populated\">\n\t\t\t\t\t\t<div class=\"elementor-element elementor-element-d40882e elementor-widget elementor-widget-image\" data-id=\"d40882e\" data-element_type=\"widget\" data-e-type=\"widget\" data-widget_type=\"image.default\">\n\t\t\t\t<div class=\"elementor-widget-container\">\n\t\t\t\t\t\t\t\t\t\t\t\t\t\t\t\t<a href=\"https:\/\/asyagulpalet.com\/wp-content\/uploads\/2022\/12\/WhatsApp-Image-2022-11-30-at-15.09.47-rotated.jpeg\" data-elementor-open-lightbox=\"yes\" data-elementor-lightbox-title=\"WhatsApp Image 2022-11-30 at 15.09.47\" data-e-action-hash=\"#elementor-action%3Aaction%3Dlightbox%26settings%3DeyJpZCI6NzY4LCJ1cmwiOiJodHRwczpcL1wvYXN5YWd1bHBhbGV0LmNvbVwvd3AtY29udGVudFwvdXBsb2Fkc1wvMjAyMlwvMTJcL1doYXRzQXBwLUltYWdlLTIwMjItMTEtMzAtYXQtMTUuMDkuNDctcm90YXRlZC5qcGVnIn0%3D\">\n\t\t\t\t\t\t\t<img decoding=\"async\" width=\"800\" height=\"581\" src=\"https:\/\/asyagulpalet.com\/wp-content\/uploads\/2022\/12\/WhatsApp-Image-2022-11-30-at-15.09.47-1024x744.jpeg\" class=\"attachment-large size-large wp-image-768\" alt=\"\" srcset=\"https:\/\/asyagulpalet.com\/wp-content\/uploads\/2022\/12\/WhatsApp-Image-2022-11-30-at-15.09.47-1024x744.jpeg 1024w, https:\/\/asyagulpalet.com\/wp-content\/uploads\/2022\/12\/WhatsApp-Image-2022-11-30-at-15.09.47-300x218.jpeg 300w, https:\/\/asyagulpalet.com\/wp-content\/uploads\/2022\/12\/WhatsApp-Image-2022-11-30-at-15.09.47-768x558.jpeg 768w, https:\/\/asyagulpalet.com\/wp-content\/uploads\/2022\/12\/WhatsApp-Image-2022-11-30-at-15.09.47-1536x1116.jpeg 1536w, https:\/\/asyagulpalet.com\/wp-content\/uploads\/2022\/12\/WhatsApp-Image-2022-11-30-at-15.09.47-rotated.jpeg 1600w\" sizes=\"(max-width: 800px) 100vw, 800px\" \/>\t\t\t\t\t\t\t\t<\/a>\n\t\t\t\t\t\t\t\t\t\t\t\t\t\t\t<\/div>\n\t\t\t\t<\/div>\n\t\t\t\t\t<\/div>\n\t\t<\/div>\n\t\t\t\t\t<\/div>\n\t\t<\/section>\n\t\t\t\t<section class=\"elementor-section elementor-top-section elementor-element elementor-element-c230eeb elementor-section-boxed elementor-section-height-default elementor-section-height-default\" data-id=\"c230eeb\" data-element_type=\"section\" data-e-type=\"section\">\n\t\t\t\t\t\t<div class=\"elementor-container elementor-column-gap-default\">\n\t\t\t\t\t<div class=\"elementor-column elementor-col-50 elementor-top-column elementor-element elementor-element-01f5b22\" data-id=\"01f5b22\" data-element_type=\"column\" data-e-type=\"column\">\n\t\t\t<div class=\"elementor-widget-wrap elementor-element-populated\">\n\t\t\t\t\t\t<div class=\"elementor-element elementor-element-cedc47b elementor-widget elementor-widget-image\" data-id=\"cedc47b\" data-element_type=\"widget\" data-e-type=\"widget\" data-widget_type=\"image.default\">\n\t\t\t\t<div class=\"elementor-widget-container\">\n\t\t\t\t\t\t\t\t\t\t\t\t\t\t\t\t<a href=\"https:\/\/asyagulpalet.com\/wp-content\/uploads\/2022\/12\/Epal-Lisans-Pdf.jpg\" data-elementor-open-lightbox=\"yes\" data-elementor-lightbox-title=\"Epal-Lisans-Pdf\" data-e-action-hash=\"#elementor-action%3Aaction%3Dlightbox%26settings%3DeyJpZCI6NzY5LCJ1cmwiOiJodHRwczpcL1wvYXN5YWd1bHBhbGV0LmNvbVwvd3AtY29udGVudFwvdXBsb2Fkc1wvMjAyMlwvMTJcL0VwYWwtTGlzYW5zLVBkZi5qcGcifQ%3D%3D\">\n\t\t\t\t\t\t\t<img loading=\"lazy\" decoding=\"async\" width=\"724\" height=\"1024\" src=\"https:\/\/asyagulpalet.com\/wp-content\/uploads\/2022\/12\/Epal-Lisans-Pdf-724x1024.jpg\" class=\"attachment-large size-large wp-image-769\" alt=\"\" srcset=\"https:\/\/asyagulpalet.com\/wp-content\/uploads\/2022\/12\/Epal-Lisans-Pdf-724x1024.jpg 724w, https:\/\/asyagulpalet.com\/wp-content\/uploads\/2022\/12\/Epal-Lisans-Pdf-212x300.jpg 212w, https:\/\/asyagulpalet.com\/wp-content\/uploads\/2022\/12\/Epal-Lisans-Pdf-768x1086.jpg 768w, https:\/\/asyagulpalet.com\/wp-content\/uploads\/2022\/12\/Epal-Lisans-Pdf.jpg 1000w\" sizes=\"(max-width: 724px) 100vw, 724px\" \/>\t\t\t\t\t\t\t\t<\/a>\n\t\t\t\t\t\t\t\t\t\t\t\t\t\t\t<\/div>\n\t\t\t\t<\/div>\n\t\t\t\t\t<\/div>\n\t\t<\/div>\n\t\t\t\t<div class=\"elementor-column elementor-col-50 elementor-top-column elementor-element elementor-element-3fcf8eb\" data-id=\"3fcf8eb\" data-element_type=\"column\" data-e-type=\"column\">\n\t\t\t<div class=\"elementor-widget-wrap elementor-element-populated\">\n\t\t\t\t\t\t<div class=\"elementor-element elementor-element-c4239b5 elementor-widget elementor-widget-image\" data-id=\"c4239b5\" data-element_type=\"widget\" data-e-type=\"widget\" data-widget_type=\"image.default\">\n\t\t\t\t<div class=\"elementor-widget-container\">\n\t\t\t\t\t\t\t\t\t\t\t\t\t\t\t\t<a href=\"https:\/\/asyagulpalet.com\/wp-content\/uploads\/2022\/12\/WhatsApp-Image-2022-11-30-at-15.09.48.jpeg\" data-elementor-open-lightbox=\"yes\" data-elementor-lightbox-title=\"WhatsApp Image 2022-11-30 at 15.09.48\" data-e-action-hash=\"#elementor-action%3Aaction%3Dlightbox%26settings%3DeyJpZCI6NzcwLCJ1cmwiOiJodHRwczpcL1wvYXN5YWd1bHBhbGV0LmNvbVwvd3AtY29udGVudFwvdXBsb2Fkc1wvMjAyMlwvMTJcL1doYXRzQXBwLUltYWdlLTIwMjItMTEtMzAtYXQtMTUuMDkuNDguanBlZyJ9\">\n\t\t\t\t\t\t\t<img loading=\"lazy\" decoding=\"async\" width=\"744\" height=\"1024\" src=\"https:\/\/asyagulpalet.com\/wp-content\/uploads\/2022\/12\/WhatsApp-Image-2022-11-30-at-15.09.48-744x1024.jpeg\" class=\"attachment-large size-large wp-image-770\" alt=\"\" srcset=\"https:\/\/asyagulpalet.com\/wp-content\/uploads\/2022\/12\/WhatsApp-Image-2022-11-30-at-15.09.48-744x1024.jpeg 744w, https:\/\/asyagulpalet.com\/wp-content\/uploads\/2022\/12\/WhatsApp-Image-2022-11-30-at-15.09.48-218x300.jpeg 218w, https:\/\/asyagulpalet.com\/wp-content\/uploads\/2022\/12\/WhatsApp-Image-2022-11-30-at-15.09.48-768x1057.jpeg 768w, https:\/\/asyagulpalet.com\/wp-content\/uploads\/2022\/12\/WhatsApp-Image-2022-11-30-at-15.09.48-1116x1536.jpeg 1116w, https:\/\/asyagulpalet.com\/wp-content\/uploads\/2022\/12\/WhatsApp-Image-2022-11-30-at-15.09.48.jpeg 1163w\" sizes=\"(max-width: 744px) 100vw, 744px\" \/>\t\t\t\t\t\t\t\t<\/a>\n\t\t\t\t\t\t\t\t\t\t\t\t\t\t\t<\/div>\n\t\t\t\t<\/div>\n\t\t\t\t\t<\/div>\n\t\t<\/div>\n\t\t\t\t\t<\/div>\n\t\t<\/section>\n\t\t\t\t<\/div>","protected":false},"excerpt":{"rendered":"<p>Asyag\u00fcl Orman \u00dcr\u00fcnleri Tedarik zincirinde olmazsa olmaz\u0131 \u2026 PALET\u2026.. Mal kabul ve sevkiyat s\u00fcre\u00e7lerinde \u00fcretici ve tedarik\u00e7iler,\u00a0 \u00fcr\u00fcnlerinin g\u00f6nderimi ve depolama i\u015flemleri i\u00e7in paletlere ihtiya\u00e7 duyarlar. Paletler ile zamandan tasarruf edilirken, ta\u015f\u0131ma g\u00fcvenli\u011fi sa\u011flanarak ak\u0131ll\u0131 ta\u015f\u0131ma i\u015flemi yap\u0131l\u0131r. 1970 y\u0131l\u0131nda Adana\u2019da 50m\u00b2 alanda baba mesle\u011fi olan marangozlukla \u00e7\u0131rakl\u0131\u011fa ba\u015flayan firma kurucusu Yusuf Ayano\u011flu 2005 y\u0131l\u0131nda [&hellip;]<\/p>\n","protected":false},"author":1,"featured_media":0,"parent":0,"menu_order":0,"comment_status":"closed","ping_status":"closed","template":"elementor_header_footer","meta":{"footnotes":""},"class_list":["post-603","page","type-page","status-publish","hentry"],"_links":{"self":[{"href":"https:\/\/asyagulpalet.com\/ar\/wp-json\/wp\/v2\/pages\/603","targetHints":{"allow":["GET"]}}],"collection":[{"href":"https:\/\/asyagulpalet.com\/ar\/wp-json\/wp\/v2\/pages"}],"about":[{"href":"https:\/\/asyagulpalet.com\/ar\/wp-json\/wp\/v2\/types\/page"}],"author":[{"embeddable":true,"href":"https:\/\/asyagulpalet.com\/ar\/wp-json\/wp\/v2\/users\/1"}],"replies":[{"embeddable":true,"href":"https:\/\/asyagulpalet.com\/ar\/wp-json\/wp\/v2\/comments?post=603"}],"version-history":[{"count":43,"href":"https:\/\/asyagulpalet.com\/ar\/wp-json\/wp\/v2\/pages\/603\/revisions"}],"predecessor-version":[{"id":844,"href":"https:\/\/asyagulpalet.com\/ar\/wp-json\/wp\/v2\/pages\/603\/revisions\/844"}],"wp:attachment":[{"href":"https:\/\/asyagulpalet.com\/ar\/wp-json\/wp\/v2\/media?parent=603"}],"curies":[{"name":"wp","href":"https:\/\/api.w.org\/{rel}","templated":true}]}}